{"id":32315,"date":"2025-05-26T09:10:29","date_gmt":"2025-05-26T07:10:29","guid":{"rendered":"https:\/\/www.camping-carolins.com\/mentions-legales-2\/"},"modified":"2025-08-20T14:15:33","modified_gmt":"2025-08-20T12:15:33","slug":"impressum","status":"publish","type":"page","link":"https:\/\/www.camping-carolins.com\/de\/impressum\/","title":{"rendered":"Impressum"},"content":{"rendered":"\n<section class=\"wp-block-group home-intro page-intro has-custom-color-1-background-color has-background has-global-padding is-layout-constrained wp-block-group-is-layout-constrained\" style=\"margin-bottom:-1.2rem;padding-top:10rem;padding-bottom:10rem\">\n<div class=\"wp-block-group groupe-title has-global-padding is-layout-constrained wp-block-group-is-layout-constrained\">\n<h1 class=\"wp-block-heading has-text-align-center\">Impressum<\/h1>\n\n\n\n<div class=\"wp-block-group title-img is-layout-flow wp-block-group-is-layout-flow\">\n<figure class=\"wp-block-image aligncenter size-full\"><img decoding=\"async\" width=\"23\" height=\"22\" src=\"https:\/\/www.camping-carolins.com\/wp-content\/uploads\/2025\/05\/Calque_2-1.svg\" alt=\"Campingplatz Schwimmbad Hafen Pachtvertrag\" class=\"wp-image-101\" \/><\/figure>\n<\/div>\n<\/div>\n\n\n\n<div class=\"wp-block-columns is-layout-flex wp-container-core-columns-is-layout-28f84493 wp-block-columns-is-layout-flex\">\n<div class=\"wp-block-column is-layout-flow wp-block-column-is-layout-flow\">\n<p class=\"has-base-2-color has-text-color has-link-color wp-elements-fb45cd0adb9ed74512fa18c47e581a5d\">SAS LES CAROLINS <br \/>SAS mit einem Stammkapital von 5.000 Euro<\/p>\n\n\n\n<p class=\"has-base-2-color has-text-color has-link-color wp-elements-dc42e3a6cc72e757b23561e8070fac76\">Gesch\u00e4ftsf\u00fchrer : Herr Gr\u00e9gory Dessoliers<\/p>\n\n\n\n<p class=\"has-base-2-color has-text-color has-link-color wp-elements-148b5cc1031ac391989553c3bdab387a\">Hauptsitz: <br \/>2 Rue du Rivage <br \/>Saint-L\u00f4-d&#8217;Ourville <br \/>50580 PORTBAIL-SUR-MER<\/p>\n\n\n\n<p class=\"has-base-2-color has-text-color has-link-color wp-elements-61e468faf1bc5e9387497497046cc077\">Telefon: 02 33 04 84 85<\/p>\n\n\n\n<p class=\"has-base-2-color has-text-color has-link-color wp-elements-7a47b3c2c3dbb1d9bf0db9c4eab9100b\">SIREN: 834 427 908 <br \/>SIRET: 834 427 908 00019 <br \/>NAF-Code: 5530Z<\/p>\n\n\n\n<p class=\"has-base-2-color has-text-color has-link-color wp-elements-325d43467420cca07a73cb9993c96c55\">RCS Cherbourg B 834 427 908 <br \/>Arr\u00eat\u00e9 pr\u00e9fectoral n\u00b0 96.1660 -DC \/ LC vom 28. Mai 1996<\/p>\n\n\n\n<p class=\"has-base-2-color has-text-color has-link-color wp-elements-ce9c6a98a37ad9b6f1b40911b43bc274\">Direktor der Ver\u00f6ffentlichung: Herr Gr\u00e9gory Dessoliers<\/p>\n\n\n\n<p class=\"has-base-2-color has-text-color has-link-color wp-elements-4ed0da54b10501867b7bbfa2195d35e1\">&#8222;Gem\u00e4\u00df Artikel L.612-1 des Verbraucherschutzgesetzes k\u00f6nnen Sie sich kostenlos an den Mediationsdienst CM2C wenden, zu dem wir geh\u00f6ren, und zwar auf elektronischem Wege www.cm2c.net oder auf dem Postweg: CM2C &#8211; Centre de m\u00e9diation de la consommation de Conciliateurs de Justice &#8211; 14 rue Saint Jean &#8211; 75017 &#8211; Paris&#8220;.<\/p>\n\n\n\n<p class=\"has-base-2-color has-text-color has-link-color wp-elements-8650a123340330949c316fb5a67edb52\">Die Fotos sind nicht vertraglich bindend.<\/p>\n\n\n\n<p class=\"has-base-2-color has-text-color has-link-color wp-elements-8b579651716ba43f420150ec76747624\">Bildnachweis : <strong><a href=\"https:\/\/www.jeromehouyvet.com\/\" target=\"_blank\" rel=\"noreferrer noopener nofollow\">J\u00e9r\u00f4me Houyvet Fotograf<\/a><\/strong> <\/p>\n\n\n\n<p class=\"has-base-2-color has-text-color has-link-color wp-elements-a2de36e247b49a57d7aa69870931a1f7\" style=\"margin-top:var(--wp--preset--spacing--40)\"><strong>Internetseite<\/strong><\/p>\n\n\n\n<p class=\"has-base-2-color has-text-color has-link-color wp-elements-3086545a1c6c562b6c66449763b651c6\"><strong>GEEK TONIC<\/strong> <br \/>Vertreten durch Herrn Yohan Darmayan in seiner Eigenschaft als Gesch\u00e4ftsf\u00fchrer <br \/>Gesch\u00e4ftssitz: 50 AV. DU LAC MARION 64200 BIARRITZ <br \/>Tel.: 05 32 74 11 52 <br \/>E-mail: support@geek-tonic.com <br \/>Website <a href=\"https:\/\/www.geek-tonic.com\/\" target=\"_blank\" rel=\"noreferrer noopener\">www.geek-tonic.com<\/a> <br \/>SIRET: 89746755100015 <br \/>APE: 6201Z <\/p>\n\n\n\n<p class=\"has-base-2-color has-text-color has-link-color wp-elements-2e668b67ad487994365865c396ebaf5e\" style=\"margin-top:var(--wp--preset--spacing--40)\"><strong>Verwaltung von pers\u00f6nlichen Daten<\/strong><\/p>\n\n\n\n<p class=\"has-base-2-color has-text-color has-link-color wp-elements-0562d574803d5521cf485d4974d1baa8\">Die auf dieser Website gesammelten pers\u00f6nlichen Daten werden nur im Rahmen einer eventuellen Gesch\u00e4ftsbeziehung verwendet. <br \/>Ihre pers\u00f6nlichen Daten werden nicht an Dritte weitergegeben. <br \/>Sie haben das Recht, Ihre pers\u00f6nlichen Daten einzusehen, zu \u00e4ndern und zu l\u00f6schen. Um Ihre Rechte auszu\u00fcben, kontaktieren Sie uns bitte telefonisch unter 02 33 04 84 85 oder per Post an die folgende Adresse: <br \/>SAS LES CAROLINS <br \/>21 Rue du rivage <br \/>50580 Saint L\u00f4 d&#8217;Ourville<\/p>\n<\/div>\n<\/div>\n<\/section>\n","protected":false},"excerpt":{"rendered":"<p>Impressum SAS LES CAROLINS SAS mit einem Stammkapital von 5.000 Euro Gesch\u00e4ftsf\u00fchrer : Herr Gr\u00e9gory Dessoliers Hauptsitz: 2 Rue du Rivage Saint-L\u00f4-d&#8217;Ourville 50580 PORTBAIL-SUR-MER Telefon: 02 33 04 84 85 SIREN: 834 427 908 SIRET: 834 427 908 00019 NAF-Code: 5530Z RCS Cherbourg B 834 427 908 Arr\u00eat\u00e9 pr\u00e9fectoral n\u00b0 96.1660 -DC \/ LC vom [&hellip;]<\/p>\n","protected":false},"author":1,"featured_media":32316,"parent":0,"menu_order":0,"comment_status":"closed","ping_status":"closed","template":"","meta":{"_acf_changed":false,"_seopress_robots_primary_cat":"","_seopress_titles_title":"%%post_title%% %%sep%% %%sitetitle%%","_seopress_titles_desc":"Lesen Sie die rechtlichen Hinweise von SARL Les Carolins in Portbail-sur-Mer. Kontaktieren Sie uns, wenn Sie Fragen zum Umgang mit pers\u00f6nlichen Daten haben. ","_seopress_robots_index":"yes","_gt_ctv_global_id":"","_gt_ctv_id_group":false,"inline_featured_image":false,"gt_fse_maillage_image":"https:\/\/www.camping-carolins.com\/wp-content\/uploads\/2025\/06\/alentours-du-camping-les-carolins.jpg","gt_fse_maillage_titre":"Rechtliche Hinweise","gt_fse_maillage_alt":"Rechtliche Hinweise","gt_fse_maillage_resume":"","footnotes":""},"categories":[],"tags":[],"class_list":["post-32315","page","type-page","status-publish","has-post-thumbnail","hentry"],"acf":[],"_links":{"self":[{"href":"https:\/\/www.camping-carolins.com\/de\/wp-json\/wp\/v2\/pages\/32315","targetHints":{"allow":["GET"]}}],"collection":[{"href":"https:\/\/www.camping-carolins.com\/de\/wp-json\/wp\/v2\/pages"}],"about":[{"href":"https:\/\/www.camping-carolins.com\/de\/wp-json\/wp\/v2\/types\/page"}],"author":[{"embeddable":true,"href":"https:\/\/www.camping-carolins.com\/de\/wp-json\/wp\/v2\/users\/1"}],"replies":[{"embeddable":true,"href":"https:\/\/www.camping-carolins.com\/de\/wp-json\/wp\/v2\/comments?post=32315"}],"version-history":[{"count":5,"href":"https:\/\/www.camping-carolins.com\/de\/wp-json\/wp\/v2\/pages\/32315\/revisions"}],"predecessor-version":[{"id":34256,"href":"https:\/\/www.camping-carolins.com\/de\/wp-json\/wp\/v2\/pages\/32315\/revisions\/34256"}],"wp:featuredmedia":[{"embeddable":true,"href":"https:\/\/www.camping-carolins.com\/de\/wp-json\/wp\/v2\/media\/32316"}],"wp:attachment":[{"href":"https:\/\/www.camping-carolins.com\/de\/wp-json\/wp\/v2\/media?parent=32315"}],"wp:term":[{"taxonomy":"category","embeddable":true,"href":"https:\/\/www.camping-carolins.com\/de\/wp-json\/wp\/v2\/categories?post=32315"},{"taxonomy":"post_tag","embeddable":true,"href":"https:\/\/www.camping-carolins.com\/de\/wp-json\/wp\/v2\/tags?post=32315"}],"curies":[{"name":"wp","href":"https:\/\/api.w.org\/{rel}","templated":true}]}}