{"id":11027,"date":"2025-05-15T16:59:33","date_gmt":"2025-05-15T14:59:33","guid":{"rendered":"https:\/\/www.camping-carolins.com\/bar-restaurant-in-port-bail-sur-mer\/"},"modified":"2025-09-04T13:40:24","modified_gmt":"2025-09-04T11:40:24","slug":"bar-restaurant-in-port-bail-sur-mer","status":"publish","type":"page","link":"https:\/\/www.camping-carolins.com\/en\/bar-restaurant-in-port-bail-sur-mer\/","title":{"rendered":"Bar-Restaurant : Le B17"},"content":{"rendered":"\n<section class=\"wp-block-group home-intro page-intro has-custom-color-1-background-color has-background has-global-padding is-layout-constrained wp-block-group-is-layout-constrained\" style=\"padding-top:10rem;padding-bottom:10rem\">\n<div class=\"wp-block-group groupe-title has-global-padding is-layout-constrained wp-block-group-is-layout-constrained\">\n<h1 class=\"wp-block-heading has-text-align-center\"><strong>Our bar-restaurant<\/strong> in Port-Bail-sur-Mer: Le B17<\/h1>\n\n\n\n<div class=\"wp-block-group title-img is-layout-flow wp-block-group-is-layout-flow\">\n<figure class=\"wp-block-image aligncenter size-full\"><img decoding=\"async\" width=\"23\" height=\"22\" src=\"https:\/\/www.camping-carolins.com\/wp-content\/uploads\/2025\/05\/Calque_2-1.svg\" alt=\"camping pool port bail\" class=\"wp-image-101\"\/><\/figure>\n<\/div>\n<\/div>\n\n\n\n<div class=\"wp-block-columns is-layout-flex wp-container-core-columns-is-layout-28f84493 wp-block-columns-is-layout-flex\">\n<div class=\"wp-block-column left is-layout-flow wp-block-column-is-layout-flow\" style=\"flex-basis:33.33%\">\n<figure class=\"wp-block-image size-full\"><img decoding=\"async\" width=\"475\" height=\"866\" src=\"https:\/\/www.camping-carolins.com\/wp-content\/uploads\/2025\/06\/soirees-shooters.jpg\" alt=\"soirees shooters\" class=\"wp-image-5203\" srcset=\"https:\/\/www.camping-carolins.com\/wp-content\/uploads\/2025\/06\/soirees-shooters.jpg 475w, https:\/\/www.camping-carolins.com\/wp-content\/uploads\/2025\/06\/soirees-shooters-165x300.jpg 165w\" sizes=\"(max-width: 475px) 100vw, 475px\" \/><\/figure>\n<\/div>\n\n\n\n<div class=\"wp-block-column right is-layout-flow wp-block-column-is-layout-flow\" style=\"flex-basis:66.66%\">\n<figure class=\"wp-block-image size-full animated fadeIn slower\"><img decoding=\"async\" width=\"952\" height=\"577\" src=\"https:\/\/www.camping-carolins.com\/wp-content\/uploads\/2025\/06\/notre-bar-restaurant-a-port-bail-sur-mer-le-b17.jpg\" alt=\"our bar-restaurant in port bail sur mer le b17\" class=\"wp-image-5205\" srcset=\"https:\/\/www.camping-carolins.com\/wp-content\/uploads\/2025\/06\/notre-bar-restaurant-a-port-bail-sur-mer-le-b17.jpg 952w, https:\/\/www.camping-carolins.com\/wp-content\/uploads\/2025\/06\/notre-bar-restaurant-a-port-bail-sur-mer-le-b17-300x182.jpg 300w, https:\/\/www.camping-carolins.com\/wp-content\/uploads\/2025\/06\/notre-bar-restaurant-a-port-bail-sur-mer-le-b17-768x465.jpg 768w\" sizes=\"(max-width: 952px) 100vw, 952px\" \/><\/figure>\n\n\n\n<div class=\"wp-block-group bottom is-nowrap is-layout-flex wp-container-core-group-is-layout-e4d5908d wp-block-group-is-layout-flex\" style=\"margin-top:4rem\">\n<div class=\"wp-block-group is-vertical is-content-justification-center is-layout-flex wp-container-core-group-is-layout-ce155fab wp-block-group-is-layout-flex\">\n<div class=\"wp-block-group groupe-title has-global-padding is-layout-constrained wp-block-group-is-layout-constrained\">\n<h2 class=\"wp-block-heading has-text-align-center\"><strong>Le B17<\/strong>: restaurant in the Cotentin region<\/h2>\n\n\n\n<div class=\"wp-block-group title-img is-layout-flow wp-block-group-is-layout-flow\">\n<figure class=\"wp-block-image aligncenter size-full\"><img decoding=\"async\" width=\"23\" height=\"22\" src=\"https:\/\/www.camping-carolins.com\/wp-content\/uploads\/2025\/05\/Calque_2-1.svg\" alt=\"paddling pool\" class=\"wp-image-101\"\/><\/figure>\n<\/div>\n<\/div>\n\n\n\n<p class=\"has-text-align-center has-base-2-color has-text-color has-link-color wp-elements-2bc65d44947856b2b416fc288f35a19f\">Our bar-restaurant in the Cotentin region will win you over with its \u201cwaffle party\u201d afternoons, its chef&#8217;s pizzas and burgers or its shooter evenings (with or without alcohol). Every Friday evening, the restaurant offers a barbecue evening, a unique meal such as its succulent pa\u00eblla or its country-style po\u00eal\u00e9es. Beaches, nature walks and the Cotentin heritage are all within easy reach.  <\/p>\n\n\n\n<p class=\"has-text-align-center has-base-2-color has-text-color has-link-color wp-elements-1b0bac7bb974e17c4a529d5c4f9522e9\">Located at the entrance to the campsite and open to the outside world, our Bar-restaurant Le B17 offers a menu to eat in or take away in <strong>July and August.<\/strong> <\/p>\n\n\n\n<p class=\"has-text-align-center has-base-2-color has-text-color has-link-color wp-elements-12cf9323c5a74732ff36a782075c435d\">During the summer season, the <a href=\"https:\/\/www.camping-carolins.com\/en\/\">campsite restaurant in Basse-Normandie<\/a> is open to all (outside guests are welcome) from 8 a.m. until midnight.<\/p>\n\n\n\n<p class=\"has-text-align-center has-base-2-color has-text-color has-link-color wp-elements-0784364e4f03af3add3c55af4b040915\">The bar is open<strong>from April to November from 4 pm to 8 pm<\/strong>, with a wide choice of drinks. You can also enjoy your favorite ice creams or our delicious waffles. <\/p>\n<\/div>\n<\/div>\n<\/div>\n<\/div>\n<\/section>\n\n<section class=\"wp-block-group page-two slider has-global-padding is-layout-constrained wp-block-group-is-layout-constrained\" style=\"padding-top:10rem;padding-bottom:10rem\">\n<div class=\"wp-block-columns is-layout-flex wp-container-core-columns-is-layout-28f84493 wp-block-columns-is-layout-flex\">\n<div class=\"wp-block-column left is-layout-flow wp-block-column-is-layout-flow\">\n<div data-swiper=\"{&quot;speed&quot;:400,&quot;spaceBetween&quot;:16,&quot;slidesPerView&quot;:1,&quot;createElements&quot;:true,&quot;loop&quot;:true,&quot;freemode&quot;:true,&quot;pagination&quot;:{&quot;el&quot;:&quot;.swiper-pagination&quot;,&quot;dynamicBullets&quot;:true},&quot;breakpoints&quot;:[{&quot;slidesPerView&quot;:1}],&quot;effect&quot;:&quot;fade&quot;,&quot;navigation&quot;:false,&quot;autoplay&quot;:{&quot;delay&quot;:5000}}\" class=\"wp-block-group gt-is-slider gt-is-slider-desktop has-global-padding is-layout-constrained wp-block-group-is-layout-constrained\">\n<figure class=\"wp-block-image size-full animated fadeIn slow\"><img decoding=\"async\" width=\"836\" height=\"556\" src=\"https:\/\/www.camping-carolins.com\/wp-content\/uploads\/2025\/06\/nos-snacks-a-emporter.jpg\" alt=\"our takeaway snacks\" class=\"wp-image-5214\" srcset=\"https:\/\/www.camping-carolins.com\/wp-content\/uploads\/2025\/06\/nos-snacks-a-emporter.jpg 836w, https:\/\/www.camping-carolins.com\/wp-content\/uploads\/2025\/06\/nos-snacks-a-emporter-300x200.jpg 300w, https:\/\/www.camping-carolins.com\/wp-content\/uploads\/2025\/06\/nos-snacks-a-emporter-768x511.jpg 768w\" sizes=\"(max-width: 836px) 100vw, 836px\" \/><\/figure>\n\n\n\n<figure class=\"wp-block-image size-full animated fadeIn slow\"><img decoding=\"async\" width=\"900\" height=\"675\" src=\"https:\/\/www.camping-carolins.com\/wp-content\/uploads\/2025\/06\/pizzas-faits-maison.jpg\" alt=\"homemade pizzas\" class=\"wp-image-5210\" srcset=\"https:\/\/www.camping-carolins.com\/wp-content\/uploads\/2025\/06\/pizzas-faits-maison.jpg 900w, https:\/\/www.camping-carolins.com\/wp-content\/uploads\/2025\/06\/pizzas-faits-maison-300x225.jpg 300w, https:\/\/www.camping-carolins.com\/wp-content\/uploads\/2025\/06\/pizzas-faits-maison-768x576.jpg 768w\" sizes=\"(max-width: 900px) 100vw, 900px\" \/><\/figure>\n\n\n\n<figure class=\"wp-block-image size-large\"><img decoding=\"async\" width=\"1024\" height=\"683\" src=\"https:\/\/www.camping-carolins.com\/wp-content\/uploads\/2025\/06\/terrasse-bar-1-1024x683.jpg\" alt=\"terrace bar\" class=\"wp-image-13991\" style=\"aspect-ratio:4\/3;object-fit:cover\" srcset=\"https:\/\/www.camping-carolins.com\/wp-content\/uploads\/2025\/06\/terrasse-bar-1-1024x683.jpg 1024w, https:\/\/www.camping-carolins.com\/wp-content\/uploads\/2025\/06\/terrasse-bar-1-300x200.jpg 300w, https:\/\/www.camping-carolins.com\/wp-content\/uploads\/2025\/06\/terrasse-bar-1-768x512.jpg 768w, https:\/\/www.camping-carolins.com\/wp-content\/uploads\/2025\/06\/terrasse-bar-1-1536x1024.jpg 1536w, https:\/\/www.camping-carolins.com\/wp-content\/uploads\/2025\/06\/terrasse-bar-1.jpg 1920w\" sizes=\"(max-width: 1024px) 100vw, 1024px\" \/><\/figure>\n\n\n\n<figure class=\"wp-block-image size-full animated fadeIn slow\"><img decoding=\"async\" width=\"836\" height=\"556\" src=\"https:\/\/www.camping-carolins.com\/wp-content\/uploads\/2025\/06\/emporter-des-snacks.jpg\" alt=\"takeaway snacks\" class=\"wp-image-5216\" srcset=\"https:\/\/www.camping-carolins.com\/wp-content\/uploads\/2025\/06\/emporter-des-snacks.jpg 836w, https:\/\/www.camping-carolins.com\/wp-content\/uploads\/2025\/06\/emporter-des-snacks-300x200.jpg 300w, https:\/\/www.camping-carolins.com\/wp-content\/uploads\/2025\/06\/emporter-des-snacks-768x511.jpg 768w\" sizes=\"(max-width: 836px) 100vw, 836px\" \/><\/figure>\n\n\n\n<figure class=\"wp-block-image size-full animated fadeIn slow\"><img decoding=\"async\" width=\"900\" height=\"675\" src=\"https:\/\/www.camping-carolins.com\/wp-content\/uploads\/2025\/06\/nos-pizzas-maison.jpg\" alt=\"our homemade pizzas\" class=\"wp-image-5212\" srcset=\"https:\/\/www.camping-carolins.com\/wp-content\/uploads\/2025\/06\/nos-pizzas-maison.jpg 900w, https:\/\/www.camping-carolins.com\/wp-content\/uploads\/2025\/06\/nos-pizzas-maison-300x225.jpg 300w, https:\/\/www.camping-carolins.com\/wp-content\/uploads\/2025\/06\/nos-pizzas-maison-768x576.jpg 768w\" sizes=\"(max-width: 900px) 100vw, 900px\" \/><\/figure>\n<\/div>\n<\/div>\n\n\n\n<div class=\"wp-block-column is-vertically-aligned-center right has-link-color wp-elements-6b69a0423486adcb4d38d8005097b088 is-layout-flow wp-block-column-is-layout-flow\">\n<div class=\"wp-block-group groupe-title has-global-padding is-layout-constrained wp-block-group-is-layout-constrained\">\n<h2 class=\"wp-block-heading has-text-align-center has-custom-color-1-color has-text-color has-link-color wp-elements-0e611e620f361927c97620139022370d\"><strong>Our homemade burgers<\/strong> and pizzas<\/h2>\n\n\n\n<div class=\"wp-block-group title-img is-layout-flow wp-block-group-is-layout-flow\">\n<figure class=\"wp-block-image aligncenter size-full\"><img decoding=\"async\" width=\"23\" height=\"22\" src=\"https:\/\/www.camping-carolins.com\/wp-content\/uploads\/2025\/05\/Calque_2-1.svg\" alt=\"homemade burgers and pizzas\" class=\"wp-image-101\"\/><\/figure>\n<\/div>\n<\/div>\n\n\n\n<p style=\"padding-top:var(--wp--preset--spacing--20);padding-right:var(--wp--preset--spacing--40);padding-left:var(--wp--preset--spacing--40)\">Among the dishes on offer at the restaurant in Port-Bail-sur-Mer, discover our <strong>homemade pizzas and burgers<\/strong> (available to eat in or takeaway). Cream-based, tomato-based, with or without meat, 14 pizzas are available to delight your taste buds. <\/p>\n\n\n\n<p style=\"padding-top:0;padding-right:var(--wp--preset--spacing--40);padding-left:var(--wp--preset--spacing--40)\">It&#8217;s impossible to resist our burgers, <strong>carefully prepared by our chef:<\/strong> butcher-style steak, fried chicken fillet or \u201cveggie\u201d version, there&#8217;s something for <strong>every taste and appetite!<\/strong><\/p>\n\n\n\n<div class=\"wp-block-group groupe-title has-global-padding is-layout-constrained wp-block-group-is-layout-constrained\">\n<h2 class=\"wp-block-heading has-text-align-center has-custom-color-1-color has-text-color has-link-color wp-elements-1de1b971cae762bcadfa230ff2eeede9\" style=\"margin-top:var(--wp--preset--spacing--40)\"><strong>Our<\/strong> takeaway <strong>snacks<\/strong> <\/h2>\n\n\n\n<div class=\"wp-block-group title-img is-layout-flow wp-block-group-is-layout-flow\">\n<figure class=\"wp-block-image aligncenter size-full\"><img decoding=\"async\" width=\"23\" height=\"22\" src=\"https:\/\/www.camping-carolins.com\/wp-content\/uploads\/2025\/05\/Calque_2-1.svg\" alt=\"takeaway snacks\" class=\"wp-image-101\"\/><\/figure>\n<\/div>\n<\/div>\n\n\n\n<p style=\"padding-top:0;padding-right:var(--wp--preset--spacing--40);padding-left:var(--wp--preset--spacing--40)\">For our guests who want to be <strong>on their own<\/strong>, it&#8217;s perfectly possible to<strong>take snacks away<\/strong> from the restaurant in the Cotentin region. Pizzas, burgers or a salad of fries to share &#8211; enjoy your meal wherever you like! <\/p>\n<\/div>\n<\/div>\n<\/section>\n\n<section class=\"wp-block-group page-two reverse has-custom-color-1-background-color has-background has-global-padding is-layout-constrained wp-block-group-is-layout-constrained\" style=\"padding-top:10rem;padding-bottom:10rem\">\n<div class=\"wp-block-columns is-layout-flex wp-container-core-columns-is-layout-7fc3d43a wp-block-columns-is-layout-flex\">\n<div class=\"wp-block-column is-vertically-aligned-center left is-layout-flow wp-block-column-is-layout-flow\" style=\"flex-basis:40%\">\n<div class=\"wp-block-group groupe-title has-global-padding is-layout-constrained wp-block-group-is-layout-constrained\">\n<h2 class=\"wp-block-heading has-text-align-center has-base-2-color has-text-color has-link-color wp-elements-f7a7983092f20f92617278829158b82b\" style=\"margin-top:var(--wp--preset--spacing--30)\"><strong>Theme meals and parties<\/strong> <br\/>in Port-Bail-sur-Mer<\/h2>\n\n\n\n<div class=\"wp-block-group title-img is-layout-flow wp-block-group-is-layout-flow\">\n<figure class=\"wp-block-image aligncenter size-full\"><img decoding=\"async\" width=\"23\" height=\"22\" src=\"https:\/\/www.camping-carolins.com\/wp-content\/uploads\/2025\/05\/Calque_2-1.svg\" alt=\"Layer_2 (1)\" class=\"wp-image-101\"\/><\/figure>\n<\/div>\n<\/div>\n\n\n\n<p class=\"has-base-2-color has-text-color has-link-color wp-elements-4540343161af4ad16b649f04a2486212\">Our <a href=\"https:\/\/leb17.fr\/\" target=\"_blank\" rel=\"noreferrer noopener\">Le B17 restaurant<\/a> is open until midnight and offers <strong>themed evenings<\/strong>, <strong>karaoke nights<\/strong> and plenty of other entertainment for the whole family.<\/p>\n\n\n\n<p class=\"has-base-2-color has-text-color has-link-color wp-elements-bc3e19beca8ff25236d06185d8a00b86\">In addition to the delicious dishes prepared by our chef, it&#8217;s the<strong>warm atmosphere<\/strong> that will <strong>make you want to come back to<\/strong> the restaurant in Port-Bail-sur-Mer!<\/p>\n<\/div>\n\n\n\n<div class=\"wp-block-column is-vertically-aligned-top right is-layout-flow wp-block-column-is-layout-flow\">\n<div data-swiper=\"{&quot;speed&quot;:400,&quot;spaceBetween&quot;:16,&quot;slidesPerView&quot;:1,&quot;createElements&quot;:true,&quot;loop&quot;:true,&quot;freemode&quot;:true,&quot;pagination&quot;:{&quot;el&quot;:&quot;.swiper-pagination&quot;,&quot;dynamicBullets&quot;:true},&quot;breakpoints&quot;:[{&quot;slidesPerView&quot;:1}],&quot;effect&quot;:&quot;fade&quot;,&quot;navigation&quot;:false,&quot;autoplay&quot;:{&quot;delay&quot;:5000}}\" class=\"wp-block-group gt-is-slider gt-is-slider-desktop has-global-padding is-layout-constrained wp-block-group-is-layout-constrained\">\n<figure class=\"wp-block-image size-large\"><img decoding=\"async\" width=\"2048\" height=\"1151\" src=\"https:\/\/www.camping-carolins.com\/wp-content\/uploads\/2025\/06\/barbecue-edited.jpg\" alt=\"barbecue\" class=\"wp-image-13423\" style=\"aspect-ratio:4\/3;object-fit:cover\" srcset=\"https:\/\/www.camping-carolins.com\/wp-content\/uploads\/2025\/06\/barbecue-edited.jpg 2048w, https:\/\/www.camping-carolins.com\/wp-content\/uploads\/2025\/06\/barbecue-edited-300x169.jpg 300w, https:\/\/www.camping-carolins.com\/wp-content\/uploads\/2025\/06\/barbecue-edited-1024x576.jpg 1024w, https:\/\/www.camping-carolins.com\/wp-content\/uploads\/2025\/06\/barbecue-edited-768x432.jpg 768w, https:\/\/www.camping-carolins.com\/wp-content\/uploads\/2025\/06\/barbecue-edited-1536x863.jpg 1536w\" sizes=\"(max-width: 2048px) 100vw, 2048px\" \/><\/figure>\n\n\n\n<figure class=\"wp-block-image size-large\"><img decoding=\"async\" width=\"1024\" height=\"683\" src=\"https:\/\/www.camping-carolins.com\/wp-content\/uploads\/2025\/06\/bbq-americain-1-1024x683.jpg\" alt=\"american bbq\" class=\"wp-image-13957\" style=\"aspect-ratio:4\/3;object-fit:cover\" srcset=\"https:\/\/www.camping-carolins.com\/wp-content\/uploads\/2025\/06\/bbq-americain-1-1024x683.jpg 1024w, https:\/\/www.camping-carolins.com\/wp-content\/uploads\/2025\/06\/bbq-americain-1-300x200.jpg 300w, https:\/\/www.camping-carolins.com\/wp-content\/uploads\/2025\/06\/bbq-americain-1-768x512.jpg 768w, https:\/\/www.camping-carolins.com\/wp-content\/uploads\/2025\/06\/bbq-americain-1-1536x1024.jpg 1536w, https:\/\/www.camping-carolins.com\/wp-content\/uploads\/2025\/06\/bbq-americain-1.jpg 2048w\" sizes=\"(max-width: 1024px) 100vw, 1024px\" \/><\/figure>\n\n\n\n<figure class=\"wp-block-image size-full\"><img decoding=\"async\" width=\"2048\" height=\"1365\" src=\"https:\/\/www.camping-carolins.com\/wp-content\/uploads\/2025\/06\/repas-de-groupe.jpg\" alt=\"group meal\" class=\"wp-image-13426\" style=\"aspect-ratio:4\/3;object-fit:cover\" srcset=\"https:\/\/www.camping-carolins.com\/wp-content\/uploads\/2025\/06\/repas-de-groupe.jpg 2048w, https:\/\/www.camping-carolins.com\/wp-content\/uploads\/2025\/06\/repas-de-groupe-300x200.jpg 300w, https:\/\/www.camping-carolins.com\/wp-content\/uploads\/2025\/06\/repas-de-groupe-1024x683.jpg 1024w, https:\/\/www.camping-carolins.com\/wp-content\/uploads\/2025\/06\/repas-de-groupe-768x512.jpg 768w, https:\/\/www.camping-carolins.com\/wp-content\/uploads\/2025\/06\/repas-de-groupe-1536x1024.jpg 1536w\" sizes=\"(max-width: 2048px) 100vw, 2048px\" \/><\/figure>\n<\/div>\n<\/div>\n<\/div>\n<\/section>\n\n<section class=\"wp-block-group page-maillage has-global-padding is-layout-constrained wp-block-group-is-layout-constrained\" style=\"padding-top:10rem;padding-bottom:10rem\">\n<div class=\"wp-block-group title-page-maillage has-global-padding is-layout-constrained wp-block-group-is-layout-constrained\" style=\"margin-bottom:var(--wp--preset--spacing--40);line-height:0.8\">\n<p class=\"has-text-align-center has-text-color has-link-color has-pl-miamo-semibold-font-family wp-elements-57f00c1bb6dd34c73dd9dd443fa53145\" style=\"color:#d9ae89;font-size:clamp(20.515px, 1.282rem + ((1vw - 3.2px) * 1.058), 33px);\">Discover our services<\/p>\n\n\n\n<p class=\"has-text-align-center has-custom-color-1-color has-text-color has-link-color has-pl-miamo-semibold-font-family wp-elements-38eb3f694b5bdbe27edda65fb0400fc0\" style=\"font-size:clamp(29.303px, 1.831rem + ((1vw - 3.2px) * 1.839), 51px);text-transform:uppercase\">our events &amp; rentals<\/p>\n<\/div>\n\n\n\n<div data-wp-context=\"{}\" data-wp-interactive=\"core\/query\" data-wp-key=\"1\" data-wp-router-region=\"query-1\" class=\"wp-block-query alignwide gt-fse-maillage-query is-layout-flow wp-block-query-is-layout-flow\"><ul class=\"columns-3 wp-block-post-template is-layout-grid wp-container-core-post-template-is-layout-6d3fbd8f wp-block-post-template-is-layout-grid\"><li data-wp-key=\"post-template-item-11021\" class=\"wp-block-post post-11021 page type-page status-publish has-post-thumbnail hentry\">\n<figure class=\"wp-block-post-featured-image\"><img decoding=\"async\" width=\"1920\" height=\"1280\" src=\"https:\/\/www.camping-carolins.com\/wp-content\/uploads\/2025\/06\/location-mobil-home-port-bail-sur-mer-2.jpg\" class=\"attachment-full size-full wp-post-image\" alt=\"mobile home rental port bail sur mer\" style=\"object-fit:cover;\" srcset=\"https:\/\/www.camping-carolins.com\/wp-content\/uploads\/2025\/06\/location-mobil-home-port-bail-sur-mer-2.jpg 1920w, https:\/\/www.camping-carolins.com\/wp-content\/uploads\/2025\/06\/location-mobil-home-port-bail-sur-mer-2-300x200.jpg 300w, https:\/\/www.camping-carolins.com\/wp-content\/uploads\/2025\/06\/location-mobil-home-port-bail-sur-mer-2-1024x683.jpg 1024w, https:\/\/www.camping-carolins.com\/wp-content\/uploads\/2025\/06\/location-mobil-home-port-bail-sur-mer-2-768x512.jpg 768w, https:\/\/www.camping-carolins.com\/wp-content\/uploads\/2025\/06\/location-mobil-home-port-bail-sur-mer-2-1536x1024.jpg 1536w\" sizes=\"(max-width: 1920px) 100vw, 1920px\" \/><span class=\"wp-block-post-featured-image__overlay has-background-dim has-background-dim-40 has-custom-color-5-background-color\" style=\"\" aria-hidden=\"true\"><\/span><\/figure>\n\n\n<p class=\"maillage-title has-pl-miamo-medium-font-family\" style=\"font-size:clamp(14px, 0.875rem + ((1vw - 3.2px) * 0.508), 20px);letter-spacing:10px;text-transform:uppercase\">Rentals<\/p>\n\n\n<a class=\"is-style-lien-cover wp-block-read-more\" href=\"https:\/\/www.camping-carolins.com\/en\/mobile-home-rental-port-bail-sur-mer\/\" target=\"_self\">Read more<span class=\"screen-reader-text\">: Rentals<\/span><\/a>\n<\/li><li data-wp-key=\"post-template-item-11017\" class=\"wp-block-post post-11017 page type-page status-publish has-post-thumbnail hentry\">\n<figure class=\"wp-block-post-featured-image\"><img decoding=\"async\" width=\"2000\" height=\"1333\" src=\"https:\/\/www.camping-carolins.com\/wp-content\/uploads\/2025\/05\/camping-piscine-cotentin.jpg\" class=\"attachment-full size-full wp-post-image\" alt=\"camping piscine cotentin\" style=\"object-fit:cover;\" srcset=\"https:\/\/www.camping-carolins.com\/wp-content\/uploads\/2025\/05\/camping-piscine-cotentin.jpg 2000w, https:\/\/www.camping-carolins.com\/wp-content\/uploads\/2025\/05\/camping-piscine-cotentin-300x200.jpg 300w, https:\/\/www.camping-carolins.com\/wp-content\/uploads\/2025\/05\/camping-piscine-cotentin-1024x682.jpg 1024w, https:\/\/www.camping-carolins.com\/wp-content\/uploads\/2025\/05\/camping-piscine-cotentin-768x512.jpg 768w, https:\/\/www.camping-carolins.com\/wp-content\/uploads\/2025\/05\/camping-piscine-cotentin-1536x1024.jpg 1536w\" sizes=\"(max-width: 2000px) 100vw, 2000px\" \/><span class=\"wp-block-post-featured-image__overlay has-background-dim has-background-dim-40 has-custom-color-5-background-color\" style=\"\" aria-hidden=\"true\"><\/span><\/figure>\n\n\n<p class=\"maillage-title has-pl-miamo-medium-font-family\" style=\"font-size:clamp(14px, 0.875rem + ((1vw - 3.2px) * 0.508), 20px);letter-spacing:10px;text-transform:uppercase\">Swimming pool<\/p>\n\n\n<a class=\"is-style-lien-cover wp-block-read-more\" href=\"https:\/\/www.camping-carolins.com\/en\/campsite-heated-pool-port-bail-sur-mer\/\" target=\"_self\">Read more<span class=\"screen-reader-text\">: Swimming pool<\/span><\/a>\n<\/li><li data-wp-key=\"post-template-item-11013\" class=\"wp-block-post post-11013 page type-page status-publish has-post-thumbnail hentry\">\n<figure class=\"wp-block-post-featured-image\"><img decoding=\"async\" width=\"1920\" height=\"1280\" src=\"https:\/\/www.camping-carolins.com\/wp-content\/uploads\/2025\/06\/carolins-camping-services-port-bail-sur-mer-1.jpg\" class=\"attachment-full size-full wp-post-image\" alt=\"carolins camping services port bail sur mer\" style=\"object-fit:cover;\" srcset=\"https:\/\/www.camping-carolins.com\/wp-content\/uploads\/2025\/06\/carolins-camping-services-port-bail-sur-mer-1.jpg 1920w, https:\/\/www.camping-carolins.com\/wp-content\/uploads\/2025\/06\/carolins-camping-services-port-bail-sur-mer-1-300x200.jpg 300w, https:\/\/www.camping-carolins.com\/wp-content\/uploads\/2025\/06\/carolins-camping-services-port-bail-sur-mer-1-1024x683.jpg 1024w, https:\/\/www.camping-carolins.com\/wp-content\/uploads\/2025\/06\/carolins-camping-services-port-bail-sur-mer-1-768x512.jpg 768w, https:\/\/www.camping-carolins.com\/wp-content\/uploads\/2025\/06\/carolins-camping-services-port-bail-sur-mer-1-1536x1024.jpg 1536w\" sizes=\"(max-width: 1920px) 100vw, 1920px\" \/><span class=\"wp-block-post-featured-image__overlay has-background-dim has-background-dim-40 has-custom-color-5-background-color\" style=\"\" aria-hidden=\"true\"><\/span><\/figure>\n\n\n<p class=\"maillage-title has-pl-miamo-medium-font-family\" style=\"font-size:clamp(14px, 0.875rem + ((1vw - 3.2px) * 0.508), 20px);letter-spacing:10px;text-transform:uppercase\">Services<\/p>\n\n\n<a class=\"is-style-lien-cover wp-block-read-more\" href=\"https:\/\/www.camping-carolins.com\/en\/campsite-services-port-bail-sur-mer\/\" target=\"_self\">Read more<span class=\"screen-reader-text\">: Services<\/span><\/a>\n<\/li><\/ul><\/div>\n<\/section>\n","protected":false},"excerpt":{"rendered":"<p>Our bar-restaurant in Port-Bail-sur-Mer: Le B17 Le B17: restaurant in the Cotentin region Our bar-restaurant in the Cotentin region will win you over with its \u201cwaffle party\u201d afternoons, its chef&#8217;s pizzas and burgers or its shooter evenings (with or without alcohol). Every Friday evening, the restaurant offers a barbecue evening, a unique meal such as [&hellip;]<\/p>\n","protected":false},"author":1,"featured_media":10710,"parent":0,"menu_order":0,"comment_status":"closed","ping_status":"closed","template":"","meta":{"_acf_changed":false,"_seopress_robots_primary_cat":"","_seopress_titles_title":"Restaurant in Basse-Normandie | Bar, Restaurant in Cotentin","_seopress_titles_desc":"Enjoy the bar-restaurant Le B17 in Port-Bail-sur-Mer, with its waffle parties, chef's pizzas, barbecue evenings and summer entertainment.","_seopress_robots_index":"","_gt_ctv_global_id":"18164","_gt_ctv_id_group":false,"inline_featured_image":false,"gt_fse_maillage_image":"https:\/\/www.camping-carolins.com\/wp-content\/uploads\/2025\/06\/cta-bar-restaurant-port-bail-sur-mer.jpg","gt_fse_maillage_titre":"Bar-Restaurant : Le B17","gt_fse_maillage_alt":"Bar-Restaurant : Le B17","gt_fse_maillage_resume":"","footnotes":""},"categories":[],"tags":[],"class_list":["post-11027","page","type-page","status-publish","has-post-thumbnail","hentry"],"acf":[],"_links":{"self":[{"href":"https:\/\/www.camping-carolins.com\/en\/wp-json\/wp\/v2\/pages\/11027","targetHints":{"allow":["GET"]}}],"collection":[{"href":"https:\/\/www.camping-carolins.com\/en\/wp-json\/wp\/v2\/pages"}],"about":[{"href":"https:\/\/www.camping-carolins.com\/en\/wp-json\/wp\/v2\/types\/page"}],"author":[{"embeddable":true,"href":"https:\/\/www.camping-carolins.com\/en\/wp-json\/wp\/v2\/users\/1"}],"replies":[{"embeddable":true,"href":"https:\/\/www.camping-carolins.com\/en\/wp-json\/wp\/v2\/comments?post=11027"}],"version-history":[{"count":7,"href":"https:\/\/www.camping-carolins.com\/en\/wp-json\/wp\/v2\/pages\/11027\/revisions"}],"predecessor-version":[{"id":39268,"href":"https:\/\/www.camping-carolins.com\/en\/wp-json\/wp\/v2\/pages\/11027\/revisions\/39268"}],"wp:featuredmedia":[{"embeddable":true,"href":"https:\/\/www.camping-carolins.com\/en\/wp-json\/wp\/v2\/media\/10710"}],"wp:attachment":[{"href":"https:\/\/www.camping-carolins.com\/en\/wp-json\/wp\/v2\/media?parent=11027"}],"wp:term":[{"taxonomy":"category","embeddable":true,"href":"https:\/\/www.camping-carolins.com\/en\/wp-json\/wp\/v2\/categories?post=11027"},{"taxonomy":"post_tag","embeddable":true,"href":"https:\/\/www.camping-carolins.com\/en\/wp-json\/wp\/v2\/tags?post=11027"}],"curies":[{"name":"wp","href":"https:\/\/api.w.org\/{rel}","templated":true}]}}