{"id":11037,"date":"2025-05-26T09:10:29","date_gmt":"2025-05-26T07:10:29","guid":{"rendered":"https:\/\/www.camping-carolins.com\/terms-of-use\/"},"modified":"2025-06-17T14:17:08","modified_gmt":"2025-06-17T12:17:08","slug":"terms-of-use","status":"publish","type":"page","link":"https:\/\/www.camping-carolins.com\/en\/terms-of-use\/","title":{"rendered":"Terms of use"},"content":{"rendered":"\n<section class=\"wp-block-group home-intro page-intro has-custom-color-1-background-color has-background has-global-padding is-layout-constrained wp-block-group-is-layout-constrained\" style=\"margin-bottom:-1.2rem;padding-top:10rem;padding-bottom:10rem\">\n<div class=\"wp-block-group groupe-title has-global-padding is-layout-constrained wp-block-group-is-layout-constrained\">\n<h1 class=\"wp-block-heading has-text-align-center\">Terms of use<\/h1>\n\n\n\n<div class=\"wp-block-group title-img is-layout-flow wp-block-group-is-layout-flow\">\n<figure class=\"wp-block-image aligncenter size-full\"><img decoding=\"async\" width=\"23\" height=\"22\" src=\"https:\/\/www.camping-carolins.com\/wp-content\/uploads\/2025\/05\/Calque_2-1.svg\" alt=\"camping pool port bail\" class=\"wp-image-101\"\/><\/figure>\n<\/div>\n<\/div>\n\n\n\n<div class=\"wp-block-columns is-layout-flex wp-container-core-columns-is-layout-28f84493 wp-block-columns-is-layout-flex\">\n<div class=\"wp-block-column is-layout-flow wp-block-column-is-layout-flow\">\n<p class=\"has-base-2-color has-text-color has-link-color wp-elements-670118077dc63ea5a5cbf1e15ebf5836\">SAS LES CAROLINS <br\/>SAS with a share capital of 5,000 euros<\/p>\n\n\n\n<p class=\"has-base-2-color has-text-color has-link-color wp-elements-d4a68eea170265d361bb8b616a98fdee\">Manager: Mr. Gr\u00e9gory Dessoliers<\/p>\n\n\n\n<p class=\"has-base-2-color has-text-color has-link-color wp-elements-f25ac13b5c2de784b290410f69ef1cfb\">Head office: <br\/>2 Rue du Rivage <br\/>Saint-L\u00f4-d&#8217;Ourville <br\/>50580 PORTBAIL-SUR-MER<\/p>\n\n\n\n<p class=\"has-base-2-color has-text-color has-link-color wp-elements-49a49714a4c21ef967c516419c4b5293\">Telephone: 02 33 04 84 85<\/p>\n\n\n\n<p class=\"has-base-2-color has-text-color has-link-color wp-elements-f863029c87ad86406e87334c77bd2470\">SIREN : 834 427 908 <br\/>SIRET : 834 427 908 00019 <br\/>NAF Code : 5530Z<\/p>\n\n\n\n<p class=\"has-base-2-color has-text-color has-link-color wp-elements-5365a13b6cc2136ae24fa0f6f3a02d09\">RCS Cherbourg B 834 427 908 <br\/>Arr\u00e9t\u00e9 pr\u00e9fectoral n\u00b0 96.1660 -DC \/ LC du 28 mai 1996<\/p>\n\n\n\n<p class=\"has-base-2-color has-text-color has-link-color wp-elements-fd71e2582c4dbea5f9b0c29673145ed2\">Publication manager: Mr Gr\u00e9gory Dessoliers<\/p>\n\n\n\n<p class=\"has-base-2-color has-text-color has-link-color wp-elements-954440cec857dcaaffb0108c69d97ecf\">\u201cIn accordance with article L.612-1 of the French Consumer Code, you can contact the CM2C mediation service free of charge by e-mail www.cm2c.net or by post: CM2C &#8211; Centre de m\u00e9diation de la consommation de Conciliateurs de Justice &#8211; 14 rue Saint Jean &#8211; 75017 &#8211; Paris\u201d.<\/p>\n\n\n\n<p class=\"has-base-2-color has-text-color has-link-color wp-elements-b6ea517bf7ebea3bfb4d5720db651c99\">Photos are non-contractual.<\/p>\n\n\n\n<p class=\"has-base-2-color has-text-color has-link-color wp-elements-5c2d3b9d6477b3e247a1f4ed849214e1\">Photo Credits: <strong><a href=\"https:\/\/www.jeromehouyvet.com\/\" target=\"_blank\" rel=\"noreferrer noopener nofollow\">J\u00e9r\u00f4me Houyvet Photographer<\/a><\/strong> <\/p>\n\n\n\n<p class=\"has-base-2-color has-text-color has-link-color wp-elements-d83bd61d7163ed817fad9943a63e2698\" style=\"margin-top:var(--wp--preset--spacing--40)\"><strong>Website<\/strong><\/p>\n\n\n\n<p class=\"has-base-2-color has-text-color has-link-color wp-elements-6d2967bd85da55e2cc729ab8b4924f99\"><strong>GEEK TONIC<\/strong> <br\/>Represented by Mr. Yohan Darmayan in his capacity as Manager <br\/>Registered office: 50 AV. DU LAC MARION 64200 BIARRITZ <br\/>Tel: 05 32 74 11 52 <br\/>E-mail: support@geek-tonic.com <br\/>Website <a href=\"https:\/\/www.geek-tonic.com\/\" target=\"_blank\" rel=\"noreferrer noopener\">www.geek-tonic.com<\/a> <br\/>SIRET: 89746755100015 <br\/>APE: 6201Z <\/p>\n\n\n\n<p class=\"has-base-2-color has-text-color has-link-color wp-elements-2058299650563d5c33a09e1ef4142ea2\" style=\"margin-top:var(--wp--preset--spacing--40)\"><strong>Personal data management<\/strong><\/p>\n\n\n\n<p class=\"has-base-2-color has-text-color has-link-color wp-elements-5674322f8fdc9a4a9a1f3585b5a69029\">The personal data collected on this site is used solely for the purposes of a possible commercial relationship. <br\/>Your personal data will not be passed on to third parties. <br\/>You have the right to consult, modify and delete your personal data. To exercise your rights, please contact us by telephone on 02 33 04 84 85 or by post at the following address: <br\/>SAS LES CAROLINS <br\/>21 Rue du rivage <br\/>50580 Saint L\u00f4 d&#8217;Ourville<\/p>\n<\/div>\n<\/div>\n<\/section>\n","protected":false},"excerpt":{"rendered":"<p>Terms of use SAS LES CAROLINS SAS with a share capital of 5,000 euros Manager: Mr. Gr\u00e9gory Dessoliers Head office: 2 Rue du Rivage Saint-L\u00f4-d&#8217;Ourville 50580 PORTBAIL-SUR-MER Telephone: 02 33 04 84 85 SIREN : 834 427 908 SIRET : 834 427 908 00019 NAF Code : 5530Z RCS Cherbourg B 834 427 908 Arr\u00e9t\u00e9 [&hellip;]<\/p>\n","protected":false},"author":1,"featured_media":10549,"parent":0,"menu_order":0,"comment_status":"closed","ping_status":"closed","template":"","meta":{"_acf_changed":false,"_seopress_robots_primary_cat":"","_seopress_titles_title":"%%post_title%% %%sep%% %%sitetitle%%","_seopress_titles_desc":"Discover the SARL Les Carolins legal notice in Portbail-sur-Mer. Contact us if you have any questions about personal data management. ","_seopress_robots_index":"yes","_gt_ctv_global_id":"","_gt_ctv_id_group":false,"inline_featured_image":false,"gt_fse_maillage_image":"https:\/\/www.camping-carolins.com\/wp-content\/uploads\/2025\/06\/alentours-du-camping-les-carolins.jpg","gt_fse_maillage_titre":"Terms of use","gt_fse_maillage_alt":"Terms of use","gt_fse_maillage_resume":"","footnotes":""},"categories":[],"tags":[],"class_list":["post-11037","page","type-page","status-publish","has-post-thumbnail","hentry"],"acf":[],"_links":{"self":[{"href":"https:\/\/www.camping-carolins.com\/en\/wp-json\/wp\/v2\/pages\/11037","targetHints":{"allow":["GET"]}}],"collection":[{"href":"https:\/\/www.camping-carolins.com\/en\/wp-json\/wp\/v2\/pages"}],"about":[{"href":"https:\/\/www.camping-carolins.com\/en\/wp-json\/wp\/v2\/types\/page"}],"author":[{"embeddable":true,"href":"https:\/\/www.camping-carolins.com\/en\/wp-json\/wp\/v2\/users\/1"}],"replies":[{"embeddable":true,"href":"https:\/\/www.camping-carolins.com\/en\/wp-json\/wp\/v2\/comments?post=11037"}],"version-history":[{"count":1,"href":"https:\/\/www.camping-carolins.com\/en\/wp-json\/wp\/v2\/pages\/11037\/revisions"}],"predecessor-version":[{"id":11038,"href":"https:\/\/www.camping-carolins.com\/en\/wp-json\/wp\/v2\/pages\/11037\/revisions\/11038"}],"wp:featuredmedia":[{"embeddable":true,"href":"https:\/\/www.camping-carolins.com\/en\/wp-json\/wp\/v2\/media\/10549"}],"wp:attachment":[{"href":"https:\/\/www.camping-carolins.com\/en\/wp-json\/wp\/v2\/media?parent=11037"}],"wp:term":[{"taxonomy":"category","embeddable":true,"href":"https:\/\/www.camping-carolins.com\/en\/wp-json\/wp\/v2\/categories?post=11037"},{"taxonomy":"post_tag","embeddable":true,"href":"https:\/\/www.camping-carolins.com\/en\/wp-json\/wp\/v2\/tags?post=11037"}],"curies":[{"name":"wp","href":"https:\/\/api.w.org\/{rel}","templated":true}]}}