{"id":32535,"date":"2025-05-15T16:59:33","date_gmt":"2025-05-15T14:59:33","guid":{"rendered":"https:\/\/www.camping-carolins.com\/bar-restaurant-port-bail-sur-mer-2\/"},"modified":"2025-09-04T13:39:42","modified_gmt":"2025-09-04T11:39:42","slug":"bar-gasthuis-port-bail-sur-mer","status":"publish","type":"page","link":"https:\/\/www.camping-carolins.com\/nl\/bar-gasthuis-port-bail-sur-mer\/","title":{"rendered":"Bar-Restaurant : Le B17"},"content":{"rendered":"\n<section class=\"wp-block-group home-intro page-intro has-custom-color-1-background-color has-background has-global-padding is-layout-constrained wp-block-group-is-layout-constrained\" style=\"padding-top:10rem;padding-bottom:10rem\">\n<div class=\"wp-block-group groupe-title has-global-padding is-layout-constrained wp-block-group-is-layout-constrained\">\n<h1 class=\"wp-block-heading has-text-align-center\"><strong>Onze bar-restaurant<\/strong> in Port-Bail-sur-Mer: Le B17<\/h1>\n\n\n\n<div class=\"wp-block-group title-img is-layout-flow wp-block-group-is-layout-flow\">\n<figure class=\"wp-block-image aligncenter size-full\"><img decoding=\"async\" width=\"23\" height=\"22\" src=\"https:\/\/www.camping-carolins.com\/wp-content\/uploads\/2025\/05\/Calque_2-1.svg\" alt=\"camping zwembad port bail\" class=\"wp-image-101\"\/><\/figure>\n<\/div>\n<\/div>\n\n\n\n<div class=\"wp-block-columns is-layout-flex wp-container-core-columns-is-layout-28f84493 wp-block-columns-is-layout-flex\">\n<div class=\"wp-block-column left is-layout-flow wp-block-column-is-layout-flow\" style=\"flex-basis:33.33%\">\n<figure class=\"wp-block-image size-full\"><img decoding=\"async\" width=\"475\" height=\"866\" src=\"https:\/\/www.camping-carolins.com\/wp-content\/uploads\/2025\/06\/soirees-shooters.jpg\" alt=\"soirees schutters\" class=\"wp-image-5203\" srcset=\"https:\/\/www.camping-carolins.com\/wp-content\/uploads\/2025\/06\/soirees-shooters.jpg 475w, https:\/\/www.camping-carolins.com\/wp-content\/uploads\/2025\/06\/soirees-shooters-165x300.jpg 165w\" sizes=\"(max-width: 475px) 100vw, 475px\" \/><\/figure>\n<\/div>\n\n\n\n<div class=\"wp-block-column right is-layout-flow wp-block-column-is-layout-flow\" style=\"flex-basis:66.66%\">\n<figure class=\"wp-block-image size-full animated fadeIn slower\"><img decoding=\"async\" width=\"952\" height=\"577\" src=\"https:\/\/www.camping-carolins.com\/wp-content\/uploads\/2025\/06\/notre-bar-restaurant-a-port-bail-sur-mer-le-b17.jpg\" alt=\"onze bar restaurant in port bail sur mer le b17\" class=\"wp-image-5205\" srcset=\"https:\/\/www.camping-carolins.com\/wp-content\/uploads\/2025\/06\/notre-bar-restaurant-a-port-bail-sur-mer-le-b17.jpg 952w, https:\/\/www.camping-carolins.com\/wp-content\/uploads\/2025\/06\/notre-bar-restaurant-a-port-bail-sur-mer-le-b17-300x182.jpg 300w, https:\/\/www.camping-carolins.com\/wp-content\/uploads\/2025\/06\/notre-bar-restaurant-a-port-bail-sur-mer-le-b17-768x465.jpg 768w\" sizes=\"(max-width: 952px) 100vw, 952px\" \/><\/figure>\n\n\n\n<div class=\"wp-block-group bottom is-nowrap is-layout-flex wp-container-core-group-is-layout-e4d5908d wp-block-group-is-layout-flex\" style=\"margin-top:4rem\">\n<div class=\"wp-block-group is-vertical is-content-justification-center is-layout-flex wp-container-core-group-is-layout-ce155fab wp-block-group-is-layout-flex\">\n<div class=\"wp-block-group groupe-title has-global-padding is-layout-constrained wp-block-group-is-layout-constrained\">\n<h2 class=\"wp-block-heading has-text-align-center\"><strong>Le B17<\/strong>: restaurant in de Cotentin<\/h2>\n\n\n\n<div class=\"wp-block-group title-img is-layout-flow wp-block-group-is-layout-flow\">\n<figure class=\"wp-block-image aligncenter size-full\"><img decoding=\"async\" width=\"23\" height=\"22\" src=\"https:\/\/www.camping-carolins.com\/wp-content\/uploads\/2025\/05\/Calque_2-1.svg\" alt=\"kinderzwembad\" class=\"wp-image-101\"\/><\/figure>\n<\/div>\n<\/div>\n\n\n\n<p class=\"has-text-align-center has-base-2-color has-text-color has-link-color wp-elements-baf07b1f0ae6937bcc1b53ee1bbe7d7d\">Ons bar-restaurant in de Cotentin zal je verleiden met zijn &#8220;wafelparty&#8221; middagen, zijn chef&#8217;s pizza&#8217;s en hamburgers of zijn shooters avonden (met of zonder alcohol). Elke vrijdagavond biedt het restaurant een barbecueavond, een unieke maaltijd zoals de sappige pa\u00eblla of de landelijke po\u00eal\u00e9es. Stranden, natuurwandelingen en het erfgoed van de Cotentin liggen allemaal binnen handbereik.  <\/p>\n\n\n\n<p class=\"has-text-align-center has-base-2-color has-text-color has-link-color wp-elements-e3caa3efcc6fec5e2e12061533f1d271\">Onze Bar-Restaurant Le B17, gelegen bij de ingang van de camping en open voor de buitenwereld, biedt in <strong>juli en augustus<\/strong> een menu om te eten of mee te nemen. <\/p>\n\n\n\n<p class=\"has-text-align-center has-base-2-color has-text-color has-link-color wp-elements-7eb106e1652dfe9c6f90b3f054d07e78\">Tijdens het zomerseizoen is het restaurant van <a href=\"https:\/\/www.camping-carolins.com\/nl\/\">de camping in Basse-Normandie<\/a> open voor iedereen (externe gasten zijn welkom) van 8 uur &#8217;s ochtends tot middernacht.<\/p>\n\n\n\n<p class=\"has-text-align-center has-base-2-color has-text-color has-link-color wp-elements-cc76f4c2728f6386d328dcca54a6e275\">De bar is geopend <strong>van april tot november van 16.00 tot 20.00 uur<\/strong>, met een ruime keuze aan drankjes. Je kunt ook genieten van je favoriete ijsjes of onze heerlijke wafels. <\/p>\n<\/div>\n<\/div>\n<\/div>\n<\/div>\n<\/section>\n\n<section class=\"wp-block-group page-two slider has-global-padding is-layout-constrained wp-block-group-is-layout-constrained\" style=\"padding-top:10rem;padding-bottom:10rem\">\n<div class=\"wp-block-columns is-layout-flex wp-container-core-columns-is-layout-28f84493 wp-block-columns-is-layout-flex\">\n<div class=\"wp-block-column left is-layout-flow wp-block-column-is-layout-flow\">\n<div data-swiper=\"{&quot;speed&quot;:400,&quot;spaceBetween&quot;:16,&quot;slidesPerView&quot;:1,&quot;createElements&quot;:true,&quot;loop&quot;:true,&quot;freemode&quot;:true,&quot;pagination&quot;:{&quot;el&quot;:&quot;.swiper-pagination&quot;,&quot;dynamicBullets&quot;:true},&quot;breakpoints&quot;:[{&quot;slidesPerView&quot;:1}],&quot;effect&quot;:&quot;fade&quot;,&quot;navigation&quot;:false,&quot;autoplay&quot;:{&quot;delay&quot;:5000}}\" class=\"wp-block-group gt-is-slider gt-is-slider-desktop has-global-padding is-layout-constrained wp-block-group-is-layout-constrained\">\n<figure class=\"wp-block-image size-full animated fadeIn slow\"><img decoding=\"async\" width=\"836\" height=\"556\" src=\"https:\/\/www.camping-carolins.com\/wp-content\/uploads\/2025\/06\/nos-snacks-a-emporter.jpg\" alt=\"onze afhaalmaaltijden\" class=\"wp-image-5214\" srcset=\"https:\/\/www.camping-carolins.com\/wp-content\/uploads\/2025\/06\/nos-snacks-a-emporter.jpg 836w, https:\/\/www.camping-carolins.com\/wp-content\/uploads\/2025\/06\/nos-snacks-a-emporter-300x200.jpg 300w, https:\/\/www.camping-carolins.com\/wp-content\/uploads\/2025\/06\/nos-snacks-a-emporter-768x511.jpg 768w\" sizes=\"(max-width: 836px) 100vw, 836px\" \/><\/figure>\n\n\n\n<figure class=\"wp-block-image size-full animated fadeIn slow\"><img decoding=\"async\" width=\"900\" height=\"675\" src=\"https:\/\/www.camping-carolins.com\/wp-content\/uploads\/2025\/06\/pizzas-faits-maison.jpg\" alt=\"zelfgemaakte pizza's\" class=\"wp-image-5210\" srcset=\"https:\/\/www.camping-carolins.com\/wp-content\/uploads\/2025\/06\/pizzas-faits-maison.jpg 900w, https:\/\/www.camping-carolins.com\/wp-content\/uploads\/2025\/06\/pizzas-faits-maison-300x225.jpg 300w, https:\/\/www.camping-carolins.com\/wp-content\/uploads\/2025\/06\/pizzas-faits-maison-768x576.jpg 768w\" sizes=\"(max-width: 900px) 100vw, 900px\" \/><\/figure>\n\n\n\n<figure class=\"wp-block-image size-large\"><img decoding=\"async\" width=\"1024\" height=\"683\" src=\"https:\/\/www.camping-carolins.com\/wp-content\/uploads\/2025\/06\/terrasse-bar-1-1024x683.jpg\" alt=\"terrasbar\" class=\"wp-image-13991\" style=\"aspect-ratio:4\/3;object-fit:cover\" srcset=\"https:\/\/www.camping-carolins.com\/wp-content\/uploads\/2025\/06\/terrasse-bar-1-1024x683.jpg 1024w, https:\/\/www.camping-carolins.com\/wp-content\/uploads\/2025\/06\/terrasse-bar-1-300x200.jpg 300w, https:\/\/www.camping-carolins.com\/wp-content\/uploads\/2025\/06\/terrasse-bar-1-768x512.jpg 768w, https:\/\/www.camping-carolins.com\/wp-content\/uploads\/2025\/06\/terrasse-bar-1-1536x1024.jpg 1536w, https:\/\/www.camping-carolins.com\/wp-content\/uploads\/2025\/06\/terrasse-bar-1.jpg 1920w\" sizes=\"(max-width: 1024px) 100vw, 1024px\" \/><\/figure>\n\n\n\n<figure class=\"wp-block-image size-full animated fadeIn slow\"><img decoding=\"async\" width=\"836\" height=\"556\" src=\"https:\/\/www.camping-carolins.com\/wp-content\/uploads\/2025\/06\/emporter-des-snacks.jpg\" alt=\"afhaalsnacks\" class=\"wp-image-5216\" srcset=\"https:\/\/www.camping-carolins.com\/wp-content\/uploads\/2025\/06\/emporter-des-snacks.jpg 836w, https:\/\/www.camping-carolins.com\/wp-content\/uploads\/2025\/06\/emporter-des-snacks-300x200.jpg 300w, https:\/\/www.camping-carolins.com\/wp-content\/uploads\/2025\/06\/emporter-des-snacks-768x511.jpg 768w\" sizes=\"(max-width: 836px) 100vw, 836px\" \/><\/figure>\n\n\n\n<figure class=\"wp-block-image size-full animated fadeIn slow\"><img decoding=\"async\" width=\"900\" height=\"675\" src=\"https:\/\/www.camping-carolins.com\/wp-content\/uploads\/2025\/06\/nos-pizzas-maison.jpg\" alt=\"onze huisgemaakte pizza's\" class=\"wp-image-5212\" srcset=\"https:\/\/www.camping-carolins.com\/wp-content\/uploads\/2025\/06\/nos-pizzas-maison.jpg 900w, https:\/\/www.camping-carolins.com\/wp-content\/uploads\/2025\/06\/nos-pizzas-maison-300x225.jpg 300w, https:\/\/www.camping-carolins.com\/wp-content\/uploads\/2025\/06\/nos-pizzas-maison-768x576.jpg 768w\" sizes=\"(max-width: 900px) 100vw, 900px\" \/><\/figure>\n<\/div>\n<\/div>\n\n\n\n<div class=\"wp-block-column is-vertically-aligned-center right has-link-color wp-elements-245b27e9905f8fde5f0841ee3951c929 is-layout-flow wp-block-column-is-layout-flow\">\n<div class=\"wp-block-group groupe-title has-global-padding is-layout-constrained wp-block-group-is-layout-constrained\">\n<h2 class=\"wp-block-heading has-text-align-center has-custom-color-1-color has-text-color has-link-color wp-elements-2b1ec4a72230c0681e09968ca3716a7e\"><strong>Onze huisgemaakte hamburgers<\/strong> en pizza&#8217;s<\/h2>\n\n\n\n<div class=\"wp-block-group title-img is-layout-flow wp-block-group-is-layout-flow\">\n<figure class=\"wp-block-image aligncenter size-full\"><img decoding=\"async\" width=\"23\" height=\"22\" src=\"https:\/\/www.camping-carolins.com\/wp-content\/uploads\/2025\/05\/Calque_2-1.svg\" alt=\"huisgemaakte hamburgers en pizza's\" class=\"wp-image-101\"\/><\/figure>\n<\/div>\n<\/div>\n\n\n\n<p style=\"padding-top:var(--wp--preset--spacing--20);padding-right:var(--wp--preset--spacing--40);padding-left:var(--wp--preset--spacing--40)\">Onder de gerechten die worden aangeboden in het restaurant in Port-Bail-sur-Mer, ontdek onze <strong>huisgemaakte pizza&#8217;s en hamburgers<\/strong> (beschikbaar om te eten of mee te nemen). Op basis van room, tomaat, met of zonder vlees, er zijn 14 pizza&#8217;s beschikbaar om je smaakpapillen te verwennen. <\/p>\n\n\n\n<p style=\"padding-top:0;padding-right:var(--wp--preset--spacing--40);padding-left:var(--wp--preset--spacing--40)\">Het is onmogelijk om onze hamburgers te weerstaan, die <strong>met zorg worden bereid door onze chef-kok:<\/strong> steak in slagerijstijl, gebakken kipfilet of een veggieversie, er is voor <strong>elke smaak en trek<\/strong> wat wils !<\/p>\n\n\n\n<div class=\"wp-block-group groupe-title has-global-padding is-layout-constrained wp-block-group-is-layout-constrained\">\n<h2 class=\"wp-block-heading has-text-align-center has-custom-color-1-color has-text-color has-link-color wp-elements-f751e0cf3b9a610f8207eaf764edfe8b\" style=\"margin-top:var(--wp--preset--spacing--40)\"><strong>Onze afhaalmaaltijden<\/strong><\/h2>\n\n\n\n<div class=\"wp-block-group title-img is-layout-flow wp-block-group-is-layout-flow\">\n<figure class=\"wp-block-image aligncenter size-full\"><img decoding=\"async\" width=\"23\" height=\"22\" src=\"https:\/\/www.camping-carolins.com\/wp-content\/uploads\/2025\/05\/Calque_2-1.svg\" alt=\"afhaalsnacks\" class=\"wp-image-101\"\/><\/figure>\n<\/div>\n<\/div>\n\n\n\n<p style=\"padding-top:0;padding-right:var(--wp--preset--spacing--40);padding-left:var(--wp--preset--spacing--40)\">Voor onze vakantiegangers die <strong>in alle rust willen genieten<\/strong>, is het perfect mogelijk om <strong>snacks mee te nemen<\/strong> van het restaurant in de Cotentin. Pizza&#8217;s, hamburgers of een salade met friet om te delen &#8211; geniet van je maaltijd waar je maar wilt! <\/p>\n<\/div>\n<\/div>\n<\/section>\n\n<section class=\"wp-block-group page-two reverse has-custom-color-1-background-color has-background has-global-padding is-layout-constrained wp-block-group-is-layout-constrained\" style=\"padding-top:10rem;padding-bottom:10rem\">\n<div class=\"wp-block-columns is-layout-flex wp-container-core-columns-is-layout-7fc3d43a wp-block-columns-is-layout-flex\">\n<div class=\"wp-block-column is-vertically-aligned-center left is-layout-flow wp-block-column-is-layout-flow\" style=\"flex-basis:40%\">\n<div class=\"wp-block-group groupe-title has-global-padding is-layout-constrained wp-block-group-is-layout-constrained\">\n<h2 class=\"wp-block-heading has-text-align-center has-base-2-color has-text-color has-link-color wp-elements-02b2f2a832f0488cb94834a9fe2b3c46\" style=\"margin-top:var(--wp--preset--spacing--30)\"><strong>Themamaaltijden en avonden<\/strong> <br\/>in Port-Bail-sur-Mer<\/h2>\n\n\n\n<div class=\"wp-block-group title-img is-layout-flow wp-block-group-is-layout-flow\">\n<figure class=\"wp-block-image aligncenter size-full\"><img decoding=\"async\" width=\"23\" height=\"22\" src=\"https:\/\/www.camping-carolins.com\/wp-content\/uploads\/2025\/05\/Calque_2-1.svg\" alt=\"Laag_2 (1)\" class=\"wp-image-101\"\/><\/figure>\n<\/div>\n<\/div>\n\n\n\n<p class=\"has-base-2-color has-text-color has-link-color wp-elements-cd2b07c4d6aa3249b4e48b3f29676f64\">Ons <a href=\"https:\/\/leb17.fr\/\" target=\"_blank\" rel=\"noreferrer noopener\">restaurant Le B17<\/a> is open tot middernacht en biedt <strong>thema-avonden<\/strong>, <strong>karaoke-avonden<\/strong> en tal van andere entertainment voor het hele gezin.<\/p>\n\n\n\n<p class=\"has-base-2-color has-text-color has-link-color wp-elements-abc724e855d139f2659ccacd5d10682e\">Naast de heerlijke gerechten bereid door onze chef-kok, is het de<strong>warme sfeer<\/strong> die ervoor zorgt <strong>dat je terug wilt komen naar<\/strong> het restaurant in Port-Bail-sur-Mer!<\/p>\n<\/div>\n\n\n\n<div class=\"wp-block-column is-vertically-aligned-top right is-layout-flow wp-block-column-is-layout-flow\">\n<div data-swiper=\"{&quot;speed&quot;:400,&quot;spaceBetween&quot;:16,&quot;slidesPerView&quot;:1,&quot;createElements&quot;:true,&quot;loop&quot;:true,&quot;freemode&quot;:true,&quot;pagination&quot;:{&quot;el&quot;:&quot;.swiper-pagination&quot;,&quot;dynamicBullets&quot;:true},&quot;breakpoints&quot;:[{&quot;slidesPerView&quot;:1}],&quot;effect&quot;:&quot;fade&quot;,&quot;navigation&quot;:false,&quot;autoplay&quot;:{&quot;delay&quot;:5000}}\" class=\"wp-block-group gt-is-slider gt-is-slider-desktop has-global-padding is-layout-constrained wp-block-group-is-layout-constrained\">\n<figure class=\"wp-block-image size-large\"><img decoding=\"async\" width=\"2048\" height=\"1151\" src=\"https:\/\/www.camping-carolins.com\/wp-content\/uploads\/2025\/06\/barbecue-edited.jpg\" alt=\"barbecue\" class=\"wp-image-13423\" style=\"aspect-ratio:4\/3;object-fit:cover\" srcset=\"https:\/\/www.camping-carolins.com\/wp-content\/uploads\/2025\/06\/barbecue-edited.jpg 2048w, https:\/\/www.camping-carolins.com\/wp-content\/uploads\/2025\/06\/barbecue-edited-300x169.jpg 300w, https:\/\/www.camping-carolins.com\/wp-content\/uploads\/2025\/06\/barbecue-edited-1024x576.jpg 1024w, https:\/\/www.camping-carolins.com\/wp-content\/uploads\/2025\/06\/barbecue-edited-768x432.jpg 768w, https:\/\/www.camping-carolins.com\/wp-content\/uploads\/2025\/06\/barbecue-edited-1536x863.jpg 1536w\" sizes=\"(max-width: 2048px) 100vw, 2048px\" \/><\/figure>\n\n\n\n<figure class=\"wp-block-image size-large\"><img decoding=\"async\" width=\"1024\" height=\"683\" src=\"https:\/\/www.camping-carolins.com\/wp-content\/uploads\/2025\/06\/bbq-americain-1-1024x683.jpg\" alt=\"amerikaanse bbq\" class=\"wp-image-13957\" style=\"aspect-ratio:4\/3;object-fit:cover\" srcset=\"https:\/\/www.camping-carolins.com\/wp-content\/uploads\/2025\/06\/bbq-americain-1-1024x683.jpg 1024w, https:\/\/www.camping-carolins.com\/wp-content\/uploads\/2025\/06\/bbq-americain-1-300x200.jpg 300w, https:\/\/www.camping-carolins.com\/wp-content\/uploads\/2025\/06\/bbq-americain-1-768x512.jpg 768w, https:\/\/www.camping-carolins.com\/wp-content\/uploads\/2025\/06\/bbq-americain-1-1536x1024.jpg 1536w, https:\/\/www.camping-carolins.com\/wp-content\/uploads\/2025\/06\/bbq-americain-1.jpg 2048w\" sizes=\"(max-width: 1024px) 100vw, 1024px\" \/><\/figure>\n\n\n\n<figure class=\"wp-block-image size-full\"><img decoding=\"async\" width=\"2048\" height=\"1365\" src=\"https:\/\/www.camping-carolins.com\/wp-content\/uploads\/2025\/06\/repas-de-groupe.jpg\" alt=\"groepsmaaltijd\" class=\"wp-image-13426\" style=\"aspect-ratio:4\/3;object-fit:cover\" srcset=\"https:\/\/www.camping-carolins.com\/wp-content\/uploads\/2025\/06\/repas-de-groupe.jpg 2048w, https:\/\/www.camping-carolins.com\/wp-content\/uploads\/2025\/06\/repas-de-groupe-300x200.jpg 300w, https:\/\/www.camping-carolins.com\/wp-content\/uploads\/2025\/06\/repas-de-groupe-1024x683.jpg 1024w, https:\/\/www.camping-carolins.com\/wp-content\/uploads\/2025\/06\/repas-de-groupe-768x512.jpg 768w, https:\/\/www.camping-carolins.com\/wp-content\/uploads\/2025\/06\/repas-de-groupe-1536x1024.jpg 1536w\" sizes=\"(max-width: 2048px) 100vw, 2048px\" \/><\/figure>\n<\/div>\n<\/div>\n<\/div>\n<\/section>\n\n<section class=\"wp-block-group page-maillage has-global-padding is-layout-constrained wp-block-group-is-layout-constrained\" style=\"padding-top:10rem;padding-bottom:10rem\">\n<div class=\"wp-block-group title-page-maillage has-global-padding is-layout-constrained wp-block-group-is-layout-constrained\" style=\"margin-bottom:var(--wp--preset--spacing--40);line-height:0.8\">\n<p class=\"has-text-align-center has-text-color has-link-color has-pl-miamo-semibold-font-family wp-elements-ebf03aba2b82a5c1d2bd9a39ee5e1d1d\" style=\"color:#d9ae89;font-size:clamp(20.515px, 1.282rem + ((1vw - 3.2px) * 1.058), 33px);\">Ontdek onze diensten<\/p>\n\n\n\n<p class=\"has-text-align-center has-custom-color-1-color has-text-color has-link-color has-pl-miamo-semibold-font-family wp-elements-9f51605b49f55b54530d63390488593a\" style=\"font-size:clamp(29.303px, 1.831rem + ((1vw - 3.2px) * 1.839), 51px);text-transform:uppercase\">onze evenementen &amp; accommodatie<\/p>\n<\/div>\n\n\n\n<div data-wp-context=\"{}\" data-wp-interactive=\"core\/query\" data-wp-key=\"1\" data-wp-router-region=\"query-1\" class=\"wp-block-query alignwide gt-fse-maillage-query is-layout-flow wp-block-query-is-layout-flow\"><ul class=\"columns-3 wp-block-post-template is-layout-grid wp-container-core-post-template-is-layout-6d3fbd8f wp-block-post-template-is-layout-grid\"><li data-wp-key=\"post-template-item-32923\" class=\"wp-block-post post-32923 page type-page status-publish has-post-thumbnail hentry\">\n<figure class=\"wp-block-post-featured-image\"><img decoding=\"async\" width=\"1920\" height=\"1280\" src=\"https:\/\/www.camping-carolins.com\/wp-content\/uploads\/2025\/06\/location-mobil-home-port-bail-sur-mer-2.jpg\" class=\"attachment-full size-full wp-post-image\" alt=\"verhuur stacaravan port bail sur mer\" style=\"object-fit:cover;\" srcset=\"https:\/\/www.camping-carolins.com\/wp-content\/uploads\/2025\/06\/location-mobil-home-port-bail-sur-mer-2.jpg 1920w, https:\/\/www.camping-carolins.com\/wp-content\/uploads\/2025\/06\/location-mobil-home-port-bail-sur-mer-2-300x200.jpg 300w, https:\/\/www.camping-carolins.com\/wp-content\/uploads\/2025\/06\/location-mobil-home-port-bail-sur-mer-2-1024x683.jpg 1024w, https:\/\/www.camping-carolins.com\/wp-content\/uploads\/2025\/06\/location-mobil-home-port-bail-sur-mer-2-768x512.jpg 768w, https:\/\/www.camping-carolins.com\/wp-content\/uploads\/2025\/06\/location-mobil-home-port-bail-sur-mer-2-1536x1024.jpg 1536w\" sizes=\"(max-width: 1920px) 100vw, 1920px\" \/><span class=\"wp-block-post-featured-image__overlay has-background-dim has-background-dim-40 has-custom-color-5-background-color\" style=\"\" aria-hidden=\"true\"><\/span><\/figure>\n\n\n<p class=\"maillage-title has-pl-miamo-medium-font-family\" style=\"font-size:clamp(14px, 0.875rem + ((1vw - 3.2px) * 0.508), 20px);letter-spacing:10px;text-transform:uppercase\">Verhuur<\/p>\n\n\n<a class=\"is-style-lien-cover wp-block-read-more\" href=\"https:\/\/www.camping-carolins.com\/nl\/verhuur-stacaravan-port-bail-sur-mer\/\" target=\"_self\">Lees verder<span class=\"screen-reader-text\">: Verhuur<\/span><\/a>\n<\/li><li data-wp-key=\"post-template-item-32741\" class=\"wp-block-post post-32741 page type-page status-publish has-post-thumbnail hentry\">\n<figure class=\"wp-block-post-featured-image\"><img decoding=\"async\" width=\"2000\" height=\"1333\" src=\"https:\/\/www.camping-carolins.com\/wp-content\/uploads\/2025\/05\/camping-piscine-cotentin.jpg\" class=\"attachment-full size-full wp-post-image\" alt=\"camping zwembad cotentin\" style=\"object-fit:cover;\" srcset=\"https:\/\/www.camping-carolins.com\/wp-content\/uploads\/2025\/05\/camping-piscine-cotentin.jpg 2000w, https:\/\/www.camping-carolins.com\/wp-content\/uploads\/2025\/05\/camping-piscine-cotentin-300x200.jpg 300w, https:\/\/www.camping-carolins.com\/wp-content\/uploads\/2025\/05\/camping-piscine-cotentin-1024x682.jpg 1024w, https:\/\/www.camping-carolins.com\/wp-content\/uploads\/2025\/05\/camping-piscine-cotentin-768x512.jpg 768w, https:\/\/www.camping-carolins.com\/wp-content\/uploads\/2025\/05\/camping-piscine-cotentin-1536x1024.jpg 1536w\" sizes=\"(max-width: 2000px) 100vw, 2000px\" \/><span class=\"wp-block-post-featured-image__overlay has-background-dim has-background-dim-40 has-custom-color-5-background-color\" style=\"\" aria-hidden=\"true\"><\/span><\/figure>\n\n\n<p class=\"maillage-title has-pl-miamo-medium-font-family\" style=\"font-size:clamp(14px, 0.875rem + ((1vw - 3.2px) * 0.508), 20px);letter-spacing:10px;text-transform:uppercase\">Zwembad<\/p>\n\n\n<a class=\"is-style-lien-cover wp-block-read-more\" href=\"https:\/\/www.camping-carolins.com\/nl\/kampeerplaats-verwarmd-zwembad-port-bail-sur-mer\/\" target=\"_self\">Lees verder<span class=\"screen-reader-text\">: Zwembad<\/span><\/a>\n<\/li><li data-wp-key=\"post-template-item-33474\" class=\"wp-block-post post-33474 page type-page status-publish has-post-thumbnail hentry\">\n<figure class=\"wp-block-post-featured-image\"><img decoding=\"async\" width=\"1920\" height=\"1280\" src=\"https:\/\/www.camping-carolins.com\/wp-content\/uploads\/2025\/06\/carolins-camping-services-port-bail-sur-mer-1.jpg\" class=\"attachment-full size-full wp-post-image\" alt=\"carolins camping services port bail sur mer\" style=\"object-fit:cover;\" srcset=\"https:\/\/www.camping-carolins.com\/wp-content\/uploads\/2025\/06\/carolins-camping-services-port-bail-sur-mer-1.jpg 1920w, https:\/\/www.camping-carolins.com\/wp-content\/uploads\/2025\/06\/carolins-camping-services-port-bail-sur-mer-1-300x200.jpg 300w, https:\/\/www.camping-carolins.com\/wp-content\/uploads\/2025\/06\/carolins-camping-services-port-bail-sur-mer-1-1024x683.jpg 1024w, https:\/\/www.camping-carolins.com\/wp-content\/uploads\/2025\/06\/carolins-camping-services-port-bail-sur-mer-1-768x512.jpg 768w, https:\/\/www.camping-carolins.com\/wp-content\/uploads\/2025\/06\/carolins-camping-services-port-bail-sur-mer-1-1536x1024.jpg 1536w\" sizes=\"(max-width: 1920px) 100vw, 1920px\" \/><span class=\"wp-block-post-featured-image__overlay has-background-dim has-background-dim-40 has-custom-color-5-background-color\" style=\"\" aria-hidden=\"true\"><\/span><\/figure>\n\n\n<p class=\"maillage-title has-pl-miamo-medium-font-family\" style=\"font-size:clamp(14px, 0.875rem + ((1vw - 3.2px) * 0.508), 20px);letter-spacing:10px;text-transform:uppercase\">Diensten<\/p>\n\n\n<a class=\"is-style-lien-cover wp-block-read-more\" href=\"https:\/\/www.camping-carolins.com\/nl\/kampeerplaats-diensten-port-bail-sur-mer\/\" target=\"_self\">Lees verder<span class=\"screen-reader-text\">: Diensten<\/span><\/a>\n<\/li><\/ul><\/div>\n<\/section>\n","protected":false},"excerpt":{"rendered":"<p>Onze bar-restaurant in Port-Bail-sur-Mer: Le B17 Le B17: restaurant in de Cotentin Ons bar-restaurant in de Cotentin zal je verleiden met zijn &#8220;wafelparty&#8221; middagen, zijn chef&#8217;s pizza&#8217;s en hamburgers of zijn shooters avonden (met of zonder alcohol). Elke vrijdagavond biedt het restaurant een barbecueavond, een unieke maaltijd zoals de sappige pa\u00eblla of de landelijke po\u00eal\u00e9es. [&hellip;]<\/p>\n","protected":false},"author":1,"featured_media":32549,"parent":0,"menu_order":0,"comment_status":"closed","ping_status":"closed","template":"","meta":{"_acf_changed":false,"_seopress_robots_primary_cat":"","_seopress_titles_title":"Gasthuis in Basse-Normandie | Bar, Restaurant in Cotentin","_seopress_titles_desc":"Geniet van bar-restaurant Le B17 in Port-Bail-sur-Mer, met wafelparty's, pizza's van de chef, barbecue-avonden en zomerentertainment.","_seopress_robots_index":"","_gt_ctv_global_id":"","_gt_ctv_id_group":false,"inline_featured_image":false,"gt_fse_maillage_image":"https:\/\/www.camping-carolins.com\/wp-content\/uploads\/2025\/06\/cta-bar-restaurant-port-bail-sur-mer.jpg","gt_fse_maillage_titre":"Bar-Restaurant : Le B17","gt_fse_maillage_alt":"Bar-Restaurant : Le B17","gt_fse_maillage_resume":"","footnotes":""},"categories":[],"tags":[],"class_list":["post-32535","page","type-page","status-publish","has-post-thumbnail","hentry"],"acf":[],"_links":{"self":[{"href":"https:\/\/www.camping-carolins.com\/nl\/wp-json\/wp\/v2\/pages\/32535","targetHints":{"allow":["GET"]}}],"collection":[{"href":"https:\/\/www.camping-carolins.com\/nl\/wp-json\/wp\/v2\/pages"}],"about":[{"href":"https:\/\/www.camping-carolins.com\/nl\/wp-json\/wp\/v2\/types\/page"}],"author":[{"embeddable":true,"href":"https:\/\/www.camping-carolins.com\/nl\/wp-json\/wp\/v2\/users\/1"}],"replies":[{"embeddable":true,"href":"https:\/\/www.camping-carolins.com\/nl\/wp-json\/wp\/v2\/comments?post=32535"}],"version-history":[{"count":5,"href":"https:\/\/www.camping-carolins.com\/nl\/wp-json\/wp\/v2\/pages\/32535\/revisions"}],"predecessor-version":[{"id":39267,"href":"https:\/\/www.camping-carolins.com\/nl\/wp-json\/wp\/v2\/pages\/32535\/revisions\/39267"}],"wp:featuredmedia":[{"embeddable":true,"href":"https:\/\/www.camping-carolins.com\/nl\/wp-json\/wp\/v2\/media\/32549"}],"wp:attachment":[{"href":"https:\/\/www.camping-carolins.com\/nl\/wp-json\/wp\/v2\/media?parent=32535"}],"wp:term":[{"taxonomy":"category","embeddable":true,"href":"https:\/\/www.camping-carolins.com\/nl\/wp-json\/wp\/v2\/categories?post=32535"},{"taxonomy":"post_tag","embeddable":true,"href":"https:\/\/www.camping-carolins.com\/nl\/wp-json\/wp\/v2\/tags?post=32535"}],"curies":[{"name":"wp","href":"https:\/\/api.w.org\/{rel}","templated":true}]}}