{"id":33468,"date":"2025-05-15T16:35:44","date_gmt":"2025-05-15T14:35:44","guid":{"rendered":"https:\/\/www.camping-carolins.com\/politique-de-confidentialite-2\/"},"modified":"2025-08-20T14:13:04","modified_gmt":"2025-08-20T12:13:04","slug":"privacybeleid","status":"publish","type":"page","link":"https:\/\/www.camping-carolins.com\/nl\/privacybeleid\/","title":{"rendered":"Privacybeleid"},"content":{"rendered":"\n<section class=\"wp-block-group home-intro page-intro has-custom-color-1-background-color has-background has-global-padding is-layout-constrained wp-block-group-is-layout-constrained\" style=\"margin-bottom:-1.2rem;padding-top:10rem;padding-bottom:10rem\">\n<div class=\"wp-block-group groupe-title has-global-padding is-layout-constrained wp-block-group-is-layout-constrained\">\n<h1 class=\"wp-block-heading has-text-align-center\">Privacybeleid<\/h1>\n\n\n\n<div class=\"wp-block-group title-img is-layout-flow wp-block-group-is-layout-flow\">\n<figure class=\"wp-block-image aligncenter size-full\"><img decoding=\"async\" width=\"23\" height=\"22\" src=\"https:\/\/www.camping-carolins.com\/wp-content\/uploads\/2025\/05\/Calque_2-1.svg\" alt=\"camping zwembad port bail\" class=\"wp-image-101\" \/><\/figure>\n<\/div>\n<\/div>\n\n\n\n<div class=\"wp-block-columns is-layout-flex wp-container-core-columns-is-layout-28f84493 wp-block-columns-is-layout-flex\">\n<div class=\"wp-block-column is-layout-flow wp-block-column-is-layout-flow\">\n<p class=\"has-base-2-color has-text-color has-link-color wp-elements-46fe7ee685651361fffdf2409fa6d209\">Dit Privacybeleid beschrijft de persoonlijke gegevens die worden verzameld of gegenereerd (verwerkt) wanneer u de website gebruikt. Dit privacybeleid beschrijft de soorten persoonlijke gegevens die worden verzameld wanneer u onze website gebruikt en hoe uw persoonlijke gegevens worden gebruikt, gedeeld en beschermd. Ook wordt uitgelegd welke keuzes u hebt met betrekking tot uw persoonlijke gegevens en hoe u contact met ons kunt opnemen.  <\/p>\n\n\n\n<h2 class=\"wp-block-heading\">Inhoudsopgave<\/h2>\n\n\n\n<ul class=\"wp-block-list has-base-2-color has-text-color has-link-color wp-elements-8961fc6be62e1c1cb18a290ed5fc9aa0\">\n<li><a href=\"https:\/\/www.camping-carolins.com\/nl\/privacybeleid\/#gdpr-1\">Qui sommes-nous ?<\/a><\/li>\n\n\n\n<li><a href=\"https:\/\/www.camping-carolins.com\/nl\/privacybeleid\/#gdpr-2\">Utilisation des donn\u00e9es personnelles collect\u00e9es<\/a><\/li>\n\n\n\n<li><a href=\"https:\/\/www.camping-carolins.com\/nl\/privacybeleid\/#gdpr-3\">Commentaires<\/a><\/li>\n\n\n\n<li><a href=\"https:\/\/www.camping-carolins.com\/nl\/privacybeleid\/#gdpr-4\">M\u00e9dias<\/a><\/li>\n\n\n\n<li><a href=\"https:\/\/www.camping-carolins.com\/nl\/privacybeleid\/#gdpr-5\">Formulaires de contact<\/a><\/li>\n\n\n\n<li><a href=\"https:\/\/www.camping-carolins.com\/nl\/privacybeleid\/#gdpr-6\">Utilisation des cookies<\/a><\/li>\n\n\n\n<li><a href=\"https:\/\/www.camping-carolins.com\/nl\/privacybeleid\/#gdpr-7\">Statistiques et mesures d\u2019audience<\/a><\/li>\n\n\n\n<li><a href=\"https:\/\/www.camping-carolins.com\/nl\/privacybeleid\/#gdpr-8\">Dur\u00e9es de stockage de vos donn\u00e9es<\/a><\/li>\n\n\n\n<li><a href=\"https:\/\/www.camping-carolins.com\/nl\/privacybeleid\/#gdpr-9\">Les droits que vous avez sur vos donn\u00e9es<\/a><\/li>\n\n\n\n<li><a href=\"https:\/\/www.camping-carolins.com\/nl\/privacybeleid\/#gdpr-10\">Transmission de vos donn\u00e9es personnelles<\/a><\/li>\n\n\n\n<li><a href=\"https:\/\/www.camping-carolins.com\/nl\/privacybeleid\/#gdpr-11\">Comment nous prot\u00e9geons vos donn\u00e9es<\/a><\/li>\n\n\n\n<li><a href=\"https:\/\/www.camping-carolins.com\/nl\/privacybeleid\/#gdpr-12\">Informations de contact<\/a><\/li>\n<\/ul>\n\n\n\n<h2 class=\"wp-block-heading\" id=\"gdpr-1\">Wie zijn wij?<\/h2>\n\n\n\n<p class=\"has-base-2-color has-text-color has-link-color wp-elements-4f2467d7c0b0bf6a3cea409650519f24\">D\u00e9couvrez toutes nos informations sur la page <a href=\"https:\/\/www.camping-carolins.com\/nl\/juridische-informatie\/\">mentions l\u00e9gales<\/a>.<\/p>\n\n\n\n<h2 class=\"wp-block-heading\" id=\"gdpr-2\">Gebruik van verzamelde persoonlijke gegevens<\/h2>\n\n\n\n<p class=\"has-base-2-color has-text-color has-link-color wp-elements-a4c1871e198927cf7757986d3fcb313e\">We verzamelen automatisch en rechtstreeks geen gegevens over jou.<\/p>\n\n\n\n<p class=\"has-base-2-color has-text-color has-link-color wp-elements-77edd316c62c617b54e5c08642a6e0d0\">Nonobstant nous pouvons collecter des informations, y compris des informations personnelles aupr\u00e8s de tiers (voir la section <a href=\"https:\/\/www.camping-carolins.com\/nl\/privacybeleid\/#gdpr-5\">Cookies<\/a>).<\/p>\n\n\n\n<h2 class=\"wp-block-heading\" id=\"gdpr-3\">Reacties<\/h2>\n\n\n\n<p class=\"has-base-2-color has-text-color has-link-color wp-elements-93c41f42147f7d271fa45ad0435482b4\">Wanneer u een reactie achterlaat op onze website, worden de gegevens die u hebt ingevuld in het reactieformulier, uw IP-adres en de user-agent van uw browser verzameld om ons te helpen ongewenste reacties op te sporen.<\/p>\n\n\n\n<p class=\"has-base-2-color has-text-color has-link-color wp-elements-67ab4e20cc5e5ff9bc8b1a651c314bdf\">Een geanonimiseerde tekenreeks die is gemaakt van je e-mailadres (ook bekend als een hash) kan naar de Gravatar-service worden gestuurd om te controleren of je deze gebruikt. De vertrouwelijkheidsclausules van de Gravatar-service zijn beschikbaar op https:\/\/automattic.com\/privacy\/. Zodra je commentaar is gevalideerd, is je profielfoto openbaar zichtbaar naast je commentaar. <\/p>\n\n\n\n<h2 class=\"wp-block-heading\" id=\"gdpr-4\">Media<\/h2>\n\n\n\n<p class=\"has-base-2-color has-text-color has-link-color wp-elements-e745ee27b1f6cd62283d602c9cb99e17\">Als je een geregistreerde gebruiker bent en afbeeldingen uploadt naar de website, raden we je aan om geen afbeeldingen te uploaden met EXIF-gegevens van GPS-co\u00f6rdinaten. Bezoekers van uw website kunnen locatiegegevens van deze afbeeldingen downloaden en extraheren. <\/p>\n\n\n\n<h2 class=\"wp-block-heading\" id=\"gdpr-5\">Contactformulieren<\/h2>\n\n\n\n<p class=\"has-base-2-color has-text-color has-link-color wp-elements-1a92d3378c99964fc353151ea56bc17f\">U kunt ervoor kiezen om ons informatie te verstrekken wanneer u een formulier invult. Deze informatie wordt per e-mail naar ons verzonden en wordt niet opgeslagen, behalve op onze e-mailservice; de informatie wordt uitsluitend gebruikt om op uw verzoek te reageren. Als informatie waarschijnlijk voor commerci\u00eble doeleinden zal worden gebruikt, zal dit aan het einde van het formulier worden aangegeven. We zullen altijd uw toestemming vragen als we informatie verzamelen via een formulier.  <\/p>\n\n\n\n<h2 class=\"wp-block-heading\" id=\"gdpr-6\">Gebruik van cookies<\/h2>\n\n\n\n<p class=\"has-base-2-color has-text-color has-link-color wp-elements-a04a256a40a32f9a8bc1e2186e2ce8df\"><strong>Wat is een koekje?<\/strong><br \/>Een cookie is een klein gegevensbestand dat wordt overgebracht naar en opgeslagen op uw apparaat. Praktisch gezien stelt een cookie ons in staat om bijvoorbeeld uw browser en taal te herkennen of uw voorkeuren op te slaan.<br \/>Op onze site worden twee soorten cookies gebruikt: &#8220;sessiecookies&#8221; en &#8220;permanente cookies&#8221;. Sessiecookies verlopen wanneer u uw browser afsluit, terwijl permanente cookies op uw apparaat blijven nadat uw browser is afgesloten en opnieuw kunnen worden gebruikt wanneer u onze site de volgende keer bezoekt.  <\/p>\n\n\n\n<p class=\"has-base-2-color has-text-color has-link-color wp-elements-885a3dc89f418d8e2e74273e52d07538\">Ga voor meer informatie naar <a href=\"https:\/\/allaboutcookies.org\/fr\" target=\"_blank\" rel=\"noreferrer noopener\">allaboutcookies.org<\/a>.<\/p>\n\n\n\n<p class=\"has-base-2-color has-text-color has-link-color wp-elements-c616acecb2e3141edb8fb6eb302b2225\"><strong>Onze cookies<\/strong><\/p>\n\n\n\n<p class=\"has-base-2-color has-text-color has-link-color wp-elements-5022e4aec2006cbd84235db4e5caff36\">Als u een reactie achterlaat op onze site, wordt u gevraagd om uw naam, e-mailadres en website op te slaan in cookies. Dit is puur voor uw gemak, zodat u deze informatie niet opnieuw hoeft in te voeren als u later nog eens een reactie achterlaat. Deze cookies verlopen na een jaar.  <\/p>\n\n\n\n<p class=\"has-base-2-color has-text-color has-link-color wp-elements-541dcab6c5b10f00aa8388d55af512cc\">Als u een account hebt en inlogt op deze site, wordt er een tijdelijk cookie aangemaakt om te bepalen of uw browser cookies accepteert. Het bevat geen persoonlijke gegevens en wordt automatisch verwijderd wanneer u uw browser afsluit. <\/p>\n\n\n\n<p class=\"has-base-2-color has-text-color has-link-color wp-elements-771bb3280d43e9bf8d9beb85282face5\">Wanneer u inlogt, stellen we een aantal cookies in om uw inloggegevens en schermvoorkeuren vast te leggen. De levensduur van een verbindingscookie is twee dagen, die van een schermoptiecookie is een jaar. Als u &#8220;Onthoud mij&#8221; aanvinkt, wordt uw verbindingscookie twee weken bewaard. Als u zich afmeldt bij uw account, wordt de aanmeldingscookie verwijderd.   <\/p>\n\n\n\n<p class=\"has-base-2-color has-text-color has-link-color wp-elements-735efab17815ded7a32433bda8c18d7f\">Bij het wijzigen of publiceren van een artikel wordt een extra cookie opgeslagen in je browser. Deze cookie bevat geen persoonlijke gegevens. Het geeft alleen de identificatiecode aan van het artikel dat u zojuist hebt gewijzigd. Het vervalt na \u00e9\u00e9n dag.   <\/p>\n\n\n\n<p class=\"has-base-2-color has-text-color has-link-color wp-elements-2d91cfd08ec9daebab710d42a788dd4d\"><strong>Cookies van derden<\/strong><\/p>\n\n\n\n<p class=\"has-base-2-color has-text-color has-link-color wp-elements-020e5e99c05512bc653ecd38db88db60\">Artikelen op deze site kunnen ingesloten inhoud bevatten (bijv. video&#8217;s, afbeeldingen, artikelen, enz.). Ingesloten inhoud van andere sites gedraagt zich op dezelfde manier alsof de bezoeker die andere site bezoekt. <\/p>\n\n\n\n<p class=\"has-base-2-color has-text-color has-link-color wp-elements-b651ab6cc0a69a551dcb0326ac118134\">Deze websites kunnen gegevens over u verzamelen, cookies gebruiken, trackingtools van derden insluiten en uw interacties met deze ingesloten inhoud bijhouden als u een account hebt op hun website.<\/p>\n\n\n\n<p class=\"has-base-2-color has-text-color has-link-color wp-elements-397ee579a20e5399ac7da24cbb885ed1\">We kunnen bepaalde commerci\u00eble partners toestemming geven om technologie\u00ebn op onze site te installeren. Deze partners gebruiken deze technologie\u00ebn om ons te helpen analyseren hoe u de site gebruikt, bijvoorbeeld door de diensten van derden te noteren via welke u op het Platform bent aangekomen, om onze diensten op onze site en op websites van derden te marketen en te promoten, om ons te helpen fraude op te sporen en te voorkomen of risicobeoordelingen uit te voeren, of om informatie te verzamelen over uw activiteiten op de website. <\/p>\n\n\n\n<p class=\"has-base-2-color has-text-color has-link-color wp-elements-247cbf3afe57dfcb730078dd773f0c16\">Onze website kan gebruik maken van sociale plugins die worden geleverd en beheerd door derden, zoals de &#8220;Vind ik leuk&#8221;-knop van Facebook. Hierdoor kunt u de derde partij informatie sturen die u in een bepaald gedeelte van onze site bekijkt. Als u niet bent ingelogd op uw account bij de derde partij, weet de derde partij niet wie u bent. Als u bent ingelogd op uw account bij de derde partij, dan kan de derde partij informatie of acties met betrekking tot uw interacties met onze site koppelen aan uw account bij de derde partij. Raadpleeg het privacybeleid van de derde partij voor meer informatie over hun gegevenspraktijken.    <\/p>\n\n\n\n<p class=\"has-base-2-color has-text-color has-link-color wp-elements-09d2f28d74f8760320b619b9011c51e7\">De lijst met cookies van derden die op deze site worden gebruikt, is beschikbaar via het <a href=\"#moove_gdpr_cookie_modal\">paneel voor cookiebeheer<\/a>.<\/p>\n\n\n\n<h2 class=\"wp-block-heading\" id=\"gdpr-7\">Statistieken en publieksmeting<\/h2>\n\n\n\n<p class=\"has-base-2-color has-text-color has-link-color wp-elements-c71b9cc5fe7680c3147d567560db9809\">Op het gebied van analyse gebruiken we Google Analytics om informatie te verkrijgen over het gebruik van onze website om deze te verbeteren. Dit kan worden uitgeschakeld via het <a href=\"#moove_gdpr_cookie_modal\">paneel voor cookiebeheer<\/a>. <\/p>\n\n\n\n<p class=\"has-base-2-color has-text-color has-link-color wp-elements-b719c7345fa5228b4eb01040b46ddf53\">Om te voorkomen dat Google Analytics uw informatie gebruikt voor analysedoeleinden, kunt u ook de Google Analytics deactiveringsbrowser add-on installeren door <a href=\"https:\/\/tools.google.com\/dlpage\/gaoptout\" target=\"_blank\" rel=\"noreferrer noopener\">hier<\/a> te klikken. Houd er rekening mee dat we geen controle hebben over deze deactiveringslink en niet verantwoordelijk zijn voor de beschikbaarheid of nauwkeurigheid van dit mechanisme. Raadpleeg <a href=\"https:\/\/support.google.com\/analytics\/answer\/6004245\" target=\"_blank\" rel=\"noreferrer noopener\">deze documentatie<\/a> voor meer informatie.  <\/p>\n\n\n\n<h2 class=\"wp-block-heading\" id=\"gdpr-8\">Bewaartermijnen voor uw gegevens<\/h2>\n\n\n\n<p class=\"has-base-2-color has-text-color has-link-color wp-elements-b31d788a04ebbe41a5cd5f764fe262bc\">Als je een commentaar achterlaat, worden het commentaar en de metagegevens voor onbepaalde tijd bewaard. Hierdoor worden volgende opmerkingen automatisch herkend en goedgekeurd in plaats van dat ze in de wachtrij voor moderatie blijven staan. <\/p>\n\n\n\n<p class=\"has-base-2-color has-text-color has-link-color wp-elements-77c011a6dd14e46937470feef145d25f\">Voor gebruikers die zich op onze site registreren (waar mogelijk), slaan we ook de persoonlijke gegevens op die in hun profiel worden vermeld. Alle gebruikers kunnen hun persoonlijke gegevens op elk moment bekijken, wijzigen of verwijderen (met uitzondering van hun gebruikersnaam). Sitebeheerders kunnen deze informatie ook bekijken en wijzigen.  <\/p>\n\n\n\n<h2 class=\"wp-block-heading\" id=\"gdpr-9\">De rechten die u hebt over uw gegevens<\/h2>\n\n\n\n<p class=\"has-base-2-color has-text-color has-link-color wp-elements-ba099adf59756858d692f17765e2c772\">Als u een account hebt of als u reacties hebt achtergelaten op de site, kunt u verzoeken om een bestand te ontvangen met alle persoonlijke gegevens die wij over u hebben, inclusief de gegevens die u aan ons hebt verstrekt. U kunt ook verzoeken om verwijdering van uw persoonlijke gegevens. Dit geldt niet voor gegevens die zijn opgeslagen voor administratieve, juridische of beveiligingsdoeleinden.  <\/p>\n\n\n\n<h2 class=\"wp-block-heading\" id=\"gdpr-10\">Overdracht van uw persoonlijke gegevens<\/h2>\n\n\n\n<p class=\"has-base-2-color has-text-color has-link-color wp-elements-4525007da14a5e5537db5f573514914f\">De commentaren van bezoekers kunnen worden gecontroleerd met behulp van een geautomatiseerde dienst om ongewenste commentaren op te sporen<br \/>Alle persoonlijke gegevens die wij verwerken, worden binnen de Europese Unie verwerkt.<\/p>\n\n\n\n<h2 class=\"wp-block-heading\" id=\"gdpr-11\">Hoe we uw gegevens beschermen<\/h2>\n\n\n\n<p class=\"has-base-2-color has-text-color has-link-color wp-elements-8dffc7d7cf66bf5b044564e653d02e21\">We implementeren en actualiseren voortdurend de <strong>beveiliging<\/strong> van onze site om je gegevens te beschermen tegen ongeoorloofde toegang, verlies, vernietiging of wijziging. We doen er dan ook alles aan om je gegevens zo onkwetsbaar mogelijk te maken. Aangezien het internet geen 100% veilige omgeving is, kunnen we de veiligheid van de overdracht of opslag van je informatie niet volledig garanderen.  <\/p>\n\n\n\n<h2 class=\"wp-block-heading\" id=\"gdpr-12\">Contactgegevens<\/h2>\n\n\n\n<p class=\"has-base-2-color has-text-color has-link-color wp-elements-38914e7baf26d58392b4a332e04101c4\">Pour toute demande ou question concernant vos donn\u00e9es personnelles, contactez nous sur rgpd@geek-tonic.com, les autres informations de contact sont disponibles sur nos <a href=\"https:\/\/www.camping-carolins.com\/nl\/juridische-informatie\/\">mentions l\u00e9gales<\/a>. Veuillez noter que nous pouvons vous demander de v\u00e9rifier votre identit\u00e9 avant de prendre d\u2019autres mesures concernant votre demande.<\/p>\n<\/div>\n<\/div>\n<\/section>\n","protected":false},"excerpt":{"rendered":"<p>Privacybeleid Dit Privacybeleid beschrijft de persoonlijke gegevens die worden verzameld of gegenereerd (verwerkt) wanneer u de website gebruikt. Dit privacybeleid beschrijft de soorten persoonlijke gegevens die worden verzameld wanneer u onze website gebruikt en hoe uw persoonlijke gegevens worden gebruikt, gedeeld en beschermd. Ook wordt uitgelegd welke keuzes u hebt met betrekking tot uw persoonlijke [&hellip;]<\/p>\n","protected":false},"author":1,"featured_media":33470,"parent":0,"menu_order":0,"comment_status":"closed","ping_status":"closed","template":"","meta":{"_acf_changed":false,"_seopress_robots_primary_cat":"","_seopress_titles_title":"%%post_title%% %%sep%% %%sitetitle%%","_seopress_titles_desc":"Ontdek hoe uw persoonlijke gegevens worden verzameld, gebruikt en beschermd. Lees meer over het gebruik van cookies en uw rechten op het gebied van gegevens. ","_seopress_robots_index":"ja","_gt_ctv_global_id":"","_gt_ctv_id_group":false,"inline_featured_image":false,"gt_fse_maillage_image":"https:\/\/www.camping-carolins.com\/wp-content\/uploads\/2025\/06\/politique-de-confidentialite-carolins.jpg","gt_fse_maillage_titre":"Privacybeleid","gt_fse_maillage_alt":"Privacybeleid","gt_fse_maillage_resume":"","footnotes":""},"categories":[],"tags":[],"class_list":["post-33468","page","type-page","status-publish","has-post-thumbnail","hentry"],"acf":[],"_links":{"self":[{"href":"https:\/\/www.camping-carolins.com\/nl\/wp-json\/wp\/v2\/pages\/33468","targetHints":{"allow":["GET"]}}],"collection":[{"href":"https:\/\/www.camping-carolins.com\/nl\/wp-json\/wp\/v2\/pages"}],"about":[{"href":"https:\/\/www.camping-carolins.com\/nl\/wp-json\/wp\/v2\/types\/page"}],"author":[{"embeddable":true,"href":"https:\/\/www.camping-carolins.com\/nl\/wp-json\/wp\/v2\/users\/1"}],"replies":[{"embeddable":true,"href":"https:\/\/www.camping-carolins.com\/nl\/wp-json\/wp\/v2\/comments?post=33468"}],"version-history":[{"count":5,"href":"https:\/\/www.camping-carolins.com\/nl\/wp-json\/wp\/v2\/pages\/33468\/revisions"}],"predecessor-version":[{"id":34252,"href":"https:\/\/www.camping-carolins.com\/nl\/wp-json\/wp\/v2\/pages\/33468\/revisions\/34252"}],"wp:featuredmedia":[{"embeddable":true,"href":"https:\/\/www.camping-carolins.com\/nl\/wp-json\/wp\/v2\/media\/33470"}],"wp:attachment":[{"href":"https:\/\/www.camping-carolins.com\/nl\/wp-json\/wp\/v2\/media?parent=33468"}],"wp:term":[{"taxonomy":"category","embeddable":true,"href":"https:\/\/www.camping-carolins.com\/nl\/wp-json\/wp\/v2\/categories?post=33468"},{"taxonomy":"post_tag","embeddable":true,"href":"https:\/\/www.camping-carolins.com\/nl\/wp-json\/wp\/v2\/tags?post=33468"}],"curies":[{"name":"wp","href":"https:\/\/api.w.org\/{rel}","templated":true}]}}